{"id":1772,"date":"2023-06-01T13:50:36","date_gmt":"2023-06-01T13:50:36","guid":{"rendered":"https:\/\/insankaynaklarizirvesi.com\/?page_id=1772"},"modified":"2023-10-14T09:00:13","modified_gmt":"2023-10-14T09:00:13","slug":"clarification-text-on-the-processing-of-personal-data","status":"publish","type":"page","link":"https:\/\/insankaynaklarizirvesi.com\/en\/clarification-text-on-the-processing-of-personal-data\/","title":{"rendered":"Clarification Text on the Processing of Personal Data"},"content":{"rendered":"<p><b>K\u0130\u015e\u0130SEL VER\u0130LER\u0130N \u0130\u015eLENMES\u0130NE DA\u0130R AYDINLATMA METN\u0130<\/b><\/p>\n<p><span style=\"font-weight: 400;\">\u0130\u015fbu Ayd\u0131nlatma Metni 6698 say\u0131l\u0131 Ki\u015fisel Verilerin Korunmas\u0131 Kanunu (\u201cKVKK\u201d) ve Ayd\u0131nlatma Y\u00fck\u00fcml\u00fcl\u00fc\u011f\u00fcn\u00fcn Yerine Getirilmesinde Uyulacak Usul ve Esaslar Hakk\u0131nda Tebli\u011f kapsam\u0131nda adresinde bulunan MCT Teknoloji E\u011fitim Ve Dan\u0131\u015fmanl\u0131k Anonim \u015eirketi (\u201c\u015eirket\u201d, \u201cMCT\u201d, \u201c\u015eirketimiz\u201d) taraf\u0131ndan Veri Sorumlusu s\u0131fat\u0131yla haz\u0131rlanm\u0131\u015f ve sizlere sunulmu\u015ftur.<\/span><\/p>\n<p>&nbsp;<\/p>\n<p><b>K\u0130\u015e\u0130SEL VER\u0130LER\u0130N \u0130\u015eLENME AMACI\u00a0<\/b><\/p>\n<p><span style=\"font-weight: 400;\">\u015eirketimize ait <\/span><a href=\"https:\/\/insankaynaklarizirvesi.com\"><span style=\"font-weight: 400;\">https:\/\/insankaynaklarizirvesi.com<\/span><\/a><span style=\"font-weight: 400;\"> adresinde bulunan formlar\u0131n doldurulup \u015firketimize iletilmesi suretiyle taraf\u0131n\u0131zdan toplanan ad soyad\u0131 dahil kimlik bilgileriniz, \u015firket ad\u0131, elektronik posta adresi, telefon numaras\u0131 dahil ileti\u015fim bilgileriniz ve al\u0131\u015fveri\u015f ge\u00e7mi\u015fi dahil m\u00fc\u015fteri i\u015flem bilgileriniz sizlerle ileti\u015fim kurulmas\u0131, mal ve hizmet sat\u0131n al\u0131m s\u00fcre\u00e7lerinin y\u00fcr\u00fct\u00fclmesi ve takibinin sa\u011flanmas\u0131 ile a\u00e7\u0131k r\u0131zan\u0131z\u0131n bulunmas\u0131 halinde; \u00e7e\u015fitli pazarlama ve reklam faaliyetlerinde kullanabilmesi,\u00a0 m\u00fc\u015fterilerimizi tan\u0131yabilmek ve m\u00fc\u015fteri \u00e7evresi analizinde kullanabilmek, m\u00fc\u015fterilerimize ve potansiyel m\u00fc\u015fterilerimize sundu\u011fumuz \u00fcr\u00fcn ve hizmetlerin pazarlama s\u00fcre\u00e7lerinin y\u00fcr\u00fct\u00fclmesi ve en y\u00fcksek fayday\u0131 elde etmeniz i\u00e7in planlamalar yap\u0131lmas\u0131, indirim duyurular\u0131ndan haberdar etmemiz y\u00f6n\u00fcndeki talebiniz \u00fczerine sizi haberdar edebilmek, \u00fcr\u00fcn ve hizmetlerimize y\u00f6nelik size \u00f6zel imkanlar\u0131n duyurulmas\u0131, tan\u0131t\u0131m ve reklam faaliyetlerinin y\u00fcr\u00fct\u00fclmesi, m\u00fc\u015fteri memnuniyeti ve ba\u011fl\u0131l\u0131\u011f\u0131 \u00e7al\u0131\u015fmalar\u0131n\u0131n y\u00f6netilmesi amac\u0131yla hukuka ve d\u00fcr\u00fcstl\u00fck kurallar\u0131na, i\u015flendikleri ama\u00e7la ba\u011flant\u0131l\u0131, s\u0131n\u0131rl\u0131 ve \u00f6l\u00e7\u00fcl\u00fc, ilgili mevzuatta \u00f6ng\u00f6r\u00fclen veya i\u015flendikleri ama\u00e7 i\u00e7in gerekli olan s\u00fcre kadar muhafaza edilme ilkelerine uygun olarak \u015eirketimiz taraf\u0131ndan i\u015flenecektir.<\/span><\/p>\n<p><b>K\u0130\u015e\u0130SEL VER\u0130LER\u0130N TOPLANMA Y\u00d6NTEM\u0130 ve HUKUK\u0130 SEBEB\u0130<\/b><\/p>\n<p><span style=\"font-weight: 400;\">\u0130\u015fbu Ayd\u0131nlatma Metninde belirtilen ki\u015fisel verileriniz \u015eirketimize ait <\/span><a href=\"https:\/\/insankaynaklarizirvesi.com\"><span style=\"font-weight: 400;\">https:\/\/insankaynaklarizirvesi.com<\/span><\/a><span style=\"font-weight: 400;\"> internet adresi arac\u0131l\u0131\u011f\u0131yla Kanun madde 5\/2(c) uyar\u0131nca s\u00f6zle\u015fmenin kurulmas\u0131 veya ifas\u0131 i\u00e7in gerekli olmas\u0131, KVKK madde 5\/2(f) uyar\u0131nca \u015eirketin me\u015fru menfaati i\u00e7in zorunlu olmas\u0131 ve KVKK madde 5\/1 uyar\u0131nca a\u00e7\u0131k r\u0131zan\u0131z\u0131n al\u0131nmas\u0131 hukuki sebeplerine dayanarak tamamen ya da k\u0131smen otomatik yolla i\u015flenmektedir.<\/span><\/p>\n<p><b>K\u0130\u015e\u0130SEL VER\u0130LER\u0130N AKTARILMASI<\/b><\/p>\n<p><span style=\"font-weight: 400;\">KVKK\u2019n\u0131n 8. ve 9. maddelerinde belirtilen hukuki sebeplere dayal\u0131 olarak\u00a0ki\u015fisel verileriniz,<\/span><\/p>\n<ul>\n<li style=\"font-weight: 400;\" aria-level=\"1\"><span style=\"font-weight: 400;\">i\u015fin y\u00fcr\u00fct\u00fclmesinin sa\u011flanmas\u0131 amac\u0131 ile yukar\u0131da belirtilen ama\u00e7lar dahilinde anla\u015fmal\u0131 oldu\u011fumuz i\u015fletmelere ve topluluk \u015firketimize,<\/span><\/li>\n<li style=\"font-weight: 400;\" aria-level=\"1\"><span style=\"font-weight: 400;\">ba\u015fta ileti\u015fim bilgileri olmak \u00fczere ki\u015fisel verileriniz, toplu ileti g\u00f6nderilebilmesi i\u00e7in hizmet ald\u0131\u011f\u0131m\u0131z tedarik\u00e7ilerimize, \u0130leti Y\u00f6netim Sistemi\u2019ne (\u0130YS) ve<\/span><\/li>\n<li style=\"font-weight: 400;\" aria-level=\"1\"><span style=\"font-weight: 400;\">herhangi bir resmi talebin veya uyu\u015fmazl\u0131\u011f\u0131n olmas\u0131 halinde talebin yerine getirilmesi ve uyu\u015fmazl\u0131\u011f\u0131n \u00e7\u00f6z\u00fclmesi ama\u00e7lar\u0131yla yetkili kamu kurum ve kurulu\u015flar\u0131na ve hukuken yetkili ki\u015filere aktar\u0131labilecektir.<\/span><\/li>\n<\/ul>\n<p><span style=\"font-weight: 400;\">\u015eirketimizce ger\u00e7ekle\u015ftirilen ki\u015fisel veri aktar\u0131m\u0131 KVKK\u2019n\u0131n 5. Maddesinde \u00f6ng\u00f6r\u00fclen a\u00e7\u0131k r\u0131zaya tabi bir veri i\u015fleme faaliyeti ise bu durumda ki\u015fisel verileriniz a\u00e7\u0131k r\u0131zan\u0131za istinaden aktar\u0131lmakta, a\u00e7\u0131k r\u0131zan\u0131z\u0131n olmad\u0131\u011f\u0131 durumlarda ki\u015fisel verileriniz kesinlikle \u00fc\u00e7\u00fcnc\u00fc ki\u015filerle payla\u015f\u0131lmamaktad\u0131r\u00a0<\/span><\/p>\n<p><b>K\u0130\u015e\u0130SEL VER\u0130LER\u0130N S\u0130L\u0130NMES\u0130, YOK ED\u0130LMES\u0130 VEYA ANON\u0130M HALE GET\u0130R\u0130LMES\u0130<\/b><\/p>\n<p><span style=\"font-weight: 400;\">KVKK\u2019n\u0131n 7. maddesi uyar\u0131nca, ki\u015fisel verilerinizin ilgili mevzuata uygun olarak i\u015flenmi\u015f olmas\u0131na ra\u011fmen, i\u015flenmesini gerektiren sebeplerin ortadan kalkmas\u0131 halinde ki\u015fisel verileriniz re\u2019sen, talebiniz \u00fczerine veya KVKK madde 5\/2(\u00e7) \u015firketin hukuki y\u00fck\u00fcml\u00fcl\u00fc\u011f\u00fcn\u00fc yerine getirmesi kapsam\u0131nda ticari elektronik ileti almay\u0131 veya ticari elektronik ileti\u015fimi reddetmeniz durumunda, ki\u015fisel verileriniz ret tarihinden itibaren daha uzun s\u00fcrelerce saklanmas\u0131n\u0131 gerektiren bir sebebin olmamas\u0131 halinde 3 y\u0131l\u0131n sona ermesiyle \u015eirketimiz taraf\u0131ndan silinir, yok edilir veya anonim hale getirilir.\u00a0<\/span><\/p>\n<p><span style=\"font-weight: 400;\">Ki\u015fisel verileriniz, \u015eirketimiz taraf\u0131ndan silme, yok etme veya anonim hale getirme y\u00fck\u00fcml\u00fcl\u00fc\u011f\u00fcm\u00fcz\u00fcn ortaya \u00e7\u0131kt\u0131\u011f\u0131 tarihi takip eden 6 (alt\u0131) ay i\u00e7erisinde silinir, yok edilir veya anonim hale getirilir.\u00a0<\/span><\/p>\n<p><b>K\u0130\u015e\u0130SEL VER\u0130LER\u0130N KORUNMASI KANUNU\u2019NDAN DO\u011eAN HAKLARINIZ\u00a0<\/b><\/p>\n<p><span style=\"font-weight: 400;\">Ki\u015fisel veri sahibi olarak, KVKK\u2019n\u0131n 11. maddesinde d\u00fczenlenen ki\u015fisel verilerinize ili\u015fkin haklar\u0131n\u0131z kapsam\u0131nda taleplerinizi kimlik teyidinizin yap\u0131lmas\u0131n\u0131 sa\u011flayarak <\/span><a href=\"mailto:kvkk@mct.com.tr\"><span style=\"font-weight: 400;\">kvkk@mct.com.tr<\/span><\/a><span style=\"font-weight: 400;\"> mail adresine iletebilirsiniz. Ba\u015fvurunuz \u00fccretsiz olarak yan\u0131tlanacakt\u0131r. Ancak talep edilen i\u015flemin ayr\u0131ca bir maliyet gerektirmesi halinde, Ki\u015fisel Verileri Koruma Kurulu taraf\u0131ndan belirlenen tarifedeki \u00fccretler ba\u015fvurandan talep edilecektir.<\/span><\/p>\n<p>&nbsp;<\/p>\n","protected":false},"excerpt":{"rendered":"<p>K\u0130\u015e\u0130SEL VER\u0130LER\u0130N \u0130\u015eLENMES\u0130NE DA\u0130R AYDINLATMA METN\u0130 \u0130\u015fbu Ayd\u0131nlatma Metni 6698 say\u0131l\u0131 Ki\u015fisel Verilerin Korunmas\u0131 Kanunu (\u201cKVKK\u201d) ve Ayd\u0131nlatma Y\u00fck\u00fcml\u00fcl\u00fc\u011f\u00fcn\u00fcn Yerine Getirilmesinde Uyulacak Usul ve Esaslar Hakk\u0131nda Tebli\u011f kapsam\u0131nda adresinde bulunan MCT Teknoloji E\u011fitim Ve Dan\u0131\u015fmanl\u0131k Anonim \u015eirketi (\u201c\u015eirket\u201d, \u201cMCT\u201d, \u201c\u015eirketimiz\u201d) taraf\u0131ndan Veri Sorumlusu s\u0131fat\u0131yla haz\u0131rlanm\u0131\u015f ve sizlere sunulmu\u015ftur. &nbsp; K\u0130\u015e\u0130SEL VER\u0130LER\u0130N \u0130\u015eLENME AMACI\u00a0 \u015eirketimize ait&#8230;<\/p>\n","protected":false},"author":2,"featured_media":0,"parent":0,"menu_order":0,"comment_status":"closed","ping_status":"closed","template":"","meta":{"_acf_changed":false,"footnotes":""},"class_list":["post-1772","page","type-page","status-publish","hentry"],"acf":[],"_links":{"self":[{"href":"https:\/\/insankaynaklarizirvesi.com\/en\/wp-json\/wp\/v2\/pages\/1772","targetHints":{"allow":["GET"]}}],"collection":[{"href":"https:\/\/insankaynaklarizirvesi.com\/en\/wp-json\/wp\/v2\/pages"}],"about":[{"href":"https:\/\/insankaynaklarizirvesi.com\/en\/wp-json\/wp\/v2\/types\/page"}],"author":[{"embeddable":true,"href":"https:\/\/insankaynaklarizirvesi.com\/en\/wp-json\/wp\/v2\/users\/2"}],"replies":[{"embeddable":true,"href":"https:\/\/insankaynaklarizirvesi.com\/en\/wp-json\/wp\/v2\/comments?post=1772"}],"version-history":[{"count":0,"href":"https:\/\/insankaynaklarizirvesi.com\/en\/wp-json\/wp\/v2\/pages\/1772\/revisions"}],"wp:attachment":[{"href":"https:\/\/insankaynaklarizirvesi.com\/en\/wp-json\/wp\/v2\/media?parent=1772"}],"curies":[{"name":"wp","href":"https:\/\/api.w.org\/{rel}","templated":true}]}}