{"id":1774,"date":"2023-06-01T13:50:10","date_gmt":"2023-06-01T13:50:10","guid":{"rendered":"https:\/\/insankaynaklarizirvesi.com\/?page_id=1774"},"modified":"2023-10-14T08:57:25","modified_gmt":"2023-10-14T08:57:25","slug":"confidentiality-and-security-policy","status":"publish","type":"page","link":"https:\/\/insankaynaklarizirvesi.com\/en\/confidentiality-and-security-policy\/","title":{"rendered":"Confidentiality and Security Policy"},"content":{"rendered":"<ol>\n<li style=\"font-weight: 400;\" aria-level=\"1\"><b>\u0130leti\u015fim\u00a0<\/b><\/li>\n<\/ol>\n<p><span style=\"font-weight: 400;\">\u015eirketimize ait <\/span><a href=\"https:\/\/insankaynaklarizirvesi.com\"><span style=\"font-weight: 400;\">https:\/\/insankaynaklarizirvesi.com<\/span><\/a><span style=\"font-weight: 400;\"> uzant\u0131l\u0131 web sitesinde (\u201cWeb Sitesi\u201d) verilen t\u00fcm hizmetler, Esentepe Mah. B\u00fcy\u00fckdere Cad. Ferko S\u0131gnature Blok No: 175 \u0130\u00e7 Kap\u0131 No: 7 \u015ei\u015fli \/ \u0130stanbul adresinde kay\u0131tl\u0131 MCT Teknoloji E\u011fitim ve Dan\u0131\u015fmanl\u0131k Anonim \u015eirketi unvan\u0131 alt\u0131nda faaliyet g\u00f6steren \u015eirketimiz taraf\u0131ndan yerine getirilmektedir.<\/span><\/p>\n<p><span style=\"font-weight: 400;\">Web Sitesi \u00fczerindeki \u00e7e\u015fitli formlar\u0131n doldurulmas\u0131 suretiyle \u00fcyelerin kendileriyle ilgili bir tak\u0131m ki\u015fisel bilgileri (isim-soy isim, firma bilgileri, telefon veya e-posta adresleri gibi)\u00a0Web Sitesi kanal\u0131 ile \u015eirketimiz taraf\u0131ndan i\u015fin do\u011fas\u0131 gere\u011fi toplanmaktad\u0131r.<\/span><\/p>\n<p><span style=\"font-weight: 400;\">\u015eirketimiz baz\u0131 d\u00f6nemlerde m\u00fc\u015fterilerine ve \u00fcyelerine kampanya bilgileri, yeni \u00fcr\u00fcnler hakk\u0131nda bilgiler, promosyon teklifleri g\u00f6nderebilir. \u00dcyelerimiz bu gibi bilgileri al\u0131p almama konusunda her t\u00fcrl\u00fc se\u00e7imi \u00fcye olurken yapabilir, sonras\u0131nda \u00fcye giri\u015fi yapt\u0131ktan sonra hesap bilgileri b\u00f6l\u00fcm\u00fcnden\u00a0bu se\u00e7imi de\u011fi\u015ftirilebilir ya da kendisine gelen bilgilendirme iletisindeki linkle bildirim yapabilir.<\/span><\/p>\n<p><span style=\"font-weight: 400;\">\u00dcyelerimiz taraf\u0131ndan \u015firketimize elektronik ortamdan iletilen ki\u015fisel bilgiler, \u00dcyelerimiz ile yapt\u0131\u011f\u0131m\u0131z &#8220;\u00dcyelik S\u00f6zle\u015fmesi&#8221; ve \u201cKi\u015fisel Verilerin Korunmas\u0131 ve \u0130\u015flenmesi Politikas\u0131\u201dnda belirlenen ama\u00e7lar ve kapsam haricinde \u00fc\u00e7\u00fcnc\u00fc ki\u015filere a\u00e7\u0131klanmayacakt\u0131r.<\/span><\/p>\n<p><span style=\"font-weight: 400;\">Sistemle ilgili sorunlar\u0131n tan\u0131mlanmas\u0131 ve verilen hizmet ile ilgili \u00e7\u0131kabilecek sorunlar\u0131n veya uyu\u015fmazl\u0131klar\u0131n h\u0131zla \u00e7\u00f6z\u00fclmesi i\u00e7in,\u00a0\u015eirketimiz, \u00fcyelerinin IP adresini kaydetmekte ve bunu kullanmaktad\u0131r. IP adresleri, kullan\u0131c\u0131lar\u0131 genel bir \u015fekilde tan\u0131mlamak ve kapsaml\u0131 demografik bilgi toplamak amac\u0131yla da kullan\u0131labilir.<\/span><\/p>\n<p><span style=\"font-weight: 400;\">\u015eirketimiz, \u00dcyelik S\u00f6zle\u015fmesi ile belirlenen ama\u00e7lar ve kapsam d\u0131\u015f\u0131nda da, talep edilen bilgileri kendisi veya i\u015fbirli\u011fi i\u00e7inde oldu\u011fu ki\u015filer taraf\u0131ndan do\u011frudan pazarlama yapmak amac\u0131yla kullanabilir.\u00a0 Ki\u015fisel bilgiler, gerekti\u011finde kullan\u0131c\u0131yla temas kurmak i\u00e7in de kullan\u0131labilir.\u00a0\u015eirketimiz taraf\u0131ndan talep edilen bilgiler veya kullan\u0131c\u0131 taraf\u0131ndan sa\u011flanan bilgiler veya Ma\u011fazam\u0131z \u00fczerinden yap\u0131lan i\u015flemlerle ilgili bilgiler;\u00a0\u015eirketimiz ve i\u015f birli\u011fi i\u00e7inde oldu\u011fu ki\u015filer taraf\u0131ndan, &#8220;\u00dcyelik S\u00f6zle\u015fmesi\u201d ve \u201cKi\u015fisel Verilerin Korunmas\u0131 ve \u0130\u015flenmesi Politikas\u0131\u201d ile belirlenen ama\u00e7lar ve kapsam d\u0131\u015f\u0131nda da, \u00fcyelerimizin kimli\u011fi if\u015fa edilmeden ve anonimle\u015ftirilerek, \u00e7e\u015fitli istatistiksel de\u011ferlendirmeler, veri taban\u0131 olu\u015fturma ve pazar ara\u015ft\u0131rmalar\u0131nda kullan\u0131labilir.<\/span><\/p>\n<p><span style=\"font-weight: 400;\">\u015eirketimiz, gizli bilgileri kesinlikle \u00f6zel ve gizli tutmay\u0131, bunu bir s\u0131r saklama y\u00fck\u00fcm\u00fc olarak addetmeyi ve gizlili\u011fin sa\u011flanmas\u0131 ve s\u00fcrd\u00fcr\u00fclmesi, gizli bilginin tamam\u0131n\u0131n veya herhangi bir k\u0131sm\u0131n\u0131n kamu alan\u0131na girmesini veya yetkisiz kullan\u0131m\u0131n\u0131 veya \u00fc\u00e7\u00fcnc\u00fc bir ki\u015fiye if\u015fas\u0131n\u0131 \u00f6nlemek i\u00e7in gerekli t\u00fcm tedbirleri almay\u0131 ve gerekli \u00f6zeni g\u00f6stermeyi taahh\u00fct etmektedir.<\/span><\/p>\n<ol>\n<li style=\"font-weight: 400;\" aria-level=\"1\"><b>\u00dc\u00e7\u00fcnc\u00fc Taraf Web Siteleri Ve Uygulamalar<\/b><\/li>\n<\/ol>\n<p><span style=\"font-weight: 400;\">\u015eirketimize ait <\/span><a href=\"https:\/\/insankaynaklarizirvesi.com\"><span style=\"font-weight: 400;\">https:\/\/insankaynaklarizirvesi.com<\/span><\/a><span style=\"font-weight: 400;\"> domain adresli sitede yay\u0131nlanan reklamlar, reklamc\u0131l\u0131k yapan i\u015f ortaklar\u0131m\u0131z arac\u0131l\u0131\u011f\u0131 ile kullan\u0131c\u0131lar\u0131m\u0131za da\u011f\u0131t\u0131l\u0131r. \u0130\u015fbu politika metnindeki Gizlilik Politikas\u0131 Prensipleri, sadece \u015firketimizin kullan\u0131m\u0131na ili\u015fkindir, \u00fc\u00e7\u00fcnc\u00fc taraf web sitelerini kapsamaz.<\/span><\/p>\n<ol>\n<li style=\"font-weight: 400;\" aria-level=\"1\"><b>\u0130stisnai Haller<\/b><\/li>\n<\/ol>\n<p><span style=\"font-weight: 400;\">A\u015fa\u011f\u0131da belirtilen s\u0131n\u0131rl\u0131 hallerde \u015eirketimiz, i\u015fbu &#8220;Gizlilik Politikas\u0131&#8221; h\u00fck\u00fcmleri d\u0131\u015f\u0131nda kullan\u0131c\u0131lara ait bilgileri \u00fc\u00e7\u00fcnc\u00fc ki\u015filere a\u00e7\u0131klayabilir. Bu durumlar s\u0131n\u0131rl\u0131 say\u0131da olmak \u00fczere;<\/span><\/p>\n<ol>\n<li style=\"font-weight: 400;\" aria-level=\"1\"><span style=\"font-weight: 400;\">Kanun, Kanun H\u00fckm\u00fcnde Kararname, Y\u00f6netmelik v.b. yetkili hukuki otorite taraf\u0131ndan \u00e7\u0131kar\u0131lan ve y\u00fcr\u00fcrl\u00fckte olan hukuk kurallar\u0131n\u0131n getirdi\u011fi zorunluluklara uymak;<\/span><\/li>\n<li style=\"font-weight: 400;\" aria-level=\"1\"><span style=\"font-weight: 400;\">\u015eirketimiz ile kullan\u0131c\u0131lar aras\u0131nda akdedilen &#8220;\u00dcyelik S\u00f6zle\u015fmesi&#8221;&#8216;nin ve di\u011fer s\u00f6zle\u015fmelerin gereklerini yerine getirmek ve bunlar\u0131 uygulamaya koymak amac\u0131yla;<\/span><\/li>\n<li style=\"font-weight: 400;\" aria-level=\"1\"><span style=\"font-weight: 400;\">Yetkili idari ve adli otorite taraf\u0131ndan usul\u00fcne g\u00f6re y\u00fcr\u00fct\u00fclen bir ara\u015ft\u0131rma veya soru\u015fturman\u0131n y\u00fcr\u00fct\u00fcm\u00fc amac\u0131yla kullan\u0131c\u0131larla ilgili bilgi talep edilmesi;<\/span><\/li>\n<li style=\"font-weight: 400;\" aria-level=\"1\"><span style=\"font-weight: 400;\">Kullan\u0131c\u0131lar\u0131n haklar\u0131 veya g\u00fcvenliklerini korumak i\u00e7in resmi kurum ve kurulu\u015flara bilgi vermenin gerekli oldu\u011fu hallerdir.\u00a0<\/span><\/li>\n<\/ol>\n<p>&nbsp;<\/p>\n<p><span style=\"font-weight: 400;\">Gizlilik politikam\u0131z ile ilgili her t\u00fcrl\u00fc soru ve \u00f6nerileriniz i\u00e7in\u00a0<\/span><a href=\"mailto:kvkk@mct.com.tr\"><span style=\"font-weight: 400;\">kvkk@mct.com.tr<\/span><\/a><span style=\"font-weight: 400;\"> adresine email g\u00f6nderebilirsiniz. \u015eirketimize ait a\u015fa\u011f\u0131daki ileti\u015fim bilgilerinden ula\u015fabilirsiniz.<\/span><\/p>\n<p><span style=\"font-weight: 400;\">Telefon: 0212 310 17 00<\/span><\/p>\n<p><span style=\"font-weight: 400;\">Adres: Esentepe Mah. B\u00fcy\u00fckdere Cad. Ferko S\u0131gnature Blok No: 175 \u0130\u00e7 Kap\u0131 No: 7 \u015ei\u015fli \/ \u0130stanbul<\/span><\/p>\n","protected":false},"excerpt":{"rendered":"<p>\u0130leti\u015fim\u00a0 \u015eirketimize ait https:\/\/insankaynaklarizirvesi.com uzant\u0131l\u0131 web sitesinde (\u201cWeb Sitesi\u201d) verilen t\u00fcm hizmetler, Esentepe Mah. B\u00fcy\u00fckdere Cad. Ferko S\u0131gnature Blok No: 175 \u0130\u00e7 Kap\u0131 No: 7 \u015ei\u015fli \/ \u0130stanbul adresinde kay\u0131tl\u0131 MCT Teknoloji E\u011fitim ve Dan\u0131\u015fmanl\u0131k Anonim \u015eirketi unvan\u0131 alt\u0131nda faaliyet g\u00f6steren \u015eirketimiz taraf\u0131ndan yerine getirilmektedir. Web Sitesi \u00fczerindeki \u00e7e\u015fitli formlar\u0131n doldurulmas\u0131 suretiyle \u00fcyelerin kendileriyle ilgili&#8230;<\/p>\n","protected":false},"author":2,"featured_media":0,"parent":0,"menu_order":0,"comment_status":"closed","ping_status":"closed","template":"","meta":{"_acf_changed":false,"footnotes":""},"class_list":["post-1774","page","type-page","status-publish","hentry"],"acf":[],"_links":{"self":[{"href":"https:\/\/insankaynaklarizirvesi.com\/en\/wp-json\/wp\/v2\/pages\/1774","targetHints":{"allow":["GET"]}}],"collection":[{"href":"https:\/\/insankaynaklarizirvesi.com\/en\/wp-json\/wp\/v2\/pages"}],"about":[{"href":"https:\/\/insankaynaklarizirvesi.com\/en\/wp-json\/wp\/v2\/types\/page"}],"author":[{"embeddable":true,"href":"https:\/\/insankaynaklarizirvesi.com\/en\/wp-json\/wp\/v2\/users\/2"}],"replies":[{"embeddable":true,"href":"https:\/\/insankaynaklarizirvesi.com\/en\/wp-json\/wp\/v2\/comments?post=1774"}],"version-history":[{"count":0,"href":"https:\/\/insankaynaklarizirvesi.com\/en\/wp-json\/wp\/v2\/pages\/1774\/revisions"}],"wp:attachment":[{"href":"https:\/\/insankaynaklarizirvesi.com\/en\/wp-json\/wp\/v2\/media?parent=1774"}],"curies":[{"name":"wp","href":"https:\/\/api.w.org\/{rel}","templated":true}]}}