{"id":1778,"date":"2023-06-01T13:48:58","date_gmt":"2023-06-01T13:48:58","guid":{"rendered":"https:\/\/insankaynaklarizirvesi.com\/?page_id=1778"},"modified":"2023-10-14T08:57:44","modified_gmt":"2023-10-14T08:57:44","slug":"terms-and-conditions-of-use","status":"publish","type":"page","link":"https:\/\/insankaynaklarizirvesi.com\/en\/terms-and-conditions-of-use\/","title":{"rendered":"Terms and Conditions of Use"},"content":{"rendered":"<p><b>Son G\u00fcncelleme Tarihi: 05.06.2023<\/b><\/p>\n<p><span style=\"font-weight: 400;\">A\u015fa\u011f\u0131da h\u00fck\u00fcmleri yaz\u0131l\u0131 olan Kullan\u0131m Ko\u015fullar\u0131, <\/span><span style=\"font-weight: 400;\">Esentepe Mah. B\u00fcy\u00fckdere Cad. Ferko S\u0131gnature Blok No: 175 \u0130\u00e7 Kap\u0131 No: 7 \u015ei\u015fli \/ \u0130stanbul<\/span><span style=\"font-weight: 400;\"> adresinde mukim <\/span><span style=\"font-weight: 400;\">MCT Teknoloji E\u011fitim ve Dan\u0131\u015fmanl\u0131k Anonim \u015eirketi<\/span><span style=\"font-weight: 400;\"> (\u201c<\/span><b>MCT<\/b><span style=\"font-weight: 400;\">\u201d veya \u201c<\/span><b>\u015eirket, biz<\/b><span style=\"font-weight: 400;\">\u201d)\u00a0 ile <\/span><i><span style=\"font-weight: 400;\">https:\/\/insankaynaklarizirvesi.com<\/span><\/i><span style=\"font-weight: 400;\"> uzant\u0131l\u0131 web sitesini (\u201cWeb Sitesi\u201d) \u00fcye olmadan kullanan ki\u015fi (\u201c\u201dKullan\u0131c\u0131\u201d, \u201csiz\u201d) aras\u0131nda ge\u00e7erli olan Web Sitesini ziyaret etmeniz; dahil ancak bunlarla s\u0131n\u0131rl\u0131 olmamak \u00fczere Web Sitesinde sunulan hizmetlerden yararlanabilmeniz ve etkinlik biletlerini sat\u0131n alabilmenize ili\u015fkin ko\u015fullar\u0131 i\u00e7erir.<\/span><\/p>\n<p><span style=\"font-weight: 400;\">Web Sitesini kullanarak, Kullan\u0131m Ko\u015fullar\u0131n\u0131 anlad\u0131\u011f\u0131n\u0131z\u0131 ve Web Sitesi ile ilgili b\u00fct\u00fcn cari kanunlara, y\u00f6netmeliklere ve mevzuata uygun davranaca\u011f\u0131n\u0131z\u0131 beyan etmi\u015f ve onaylam\u0131\u015f olursunuz. \u0130\u015fbu Kullan\u0131m Ko\u015fullar\u0131n\u0131 kabul etmiyorsan\u0131z, Web Sitesini kullanmay\u0131 b\u0131rakman\u0131z\u0131 tavsiye ederiz.<\/span><\/p>\n<p><span style=\"font-weight: 400;\">\u0130laveten, i\u015fbu Kullan\u0131m Ko\u015fullar\u0131 ile, \u201cbilet sat\u0131n alma sipari\u015finizin onayland\u0131\u011f\u0131 takdirde \u00f6deme y\u00fck\u00fcml\u00fcl\u00fc\u011f\u00fc alt\u0131na girece\u011finiz konusunda a\u00e7\u0131k ve anla\u015f\u0131l\u0131r \u015fekilde bilgilendirildi\u011finizi\u201d de \u00f6nemle belirtmek isteriz<\/span><\/p>\n<p><span style=\"font-weight: 400;\">MCT Kullan\u0131m Ko\u015fullar\u0131n\u0131 diledi\u011fi zaman de\u011fi\u015ftirme hakk\u0131n\u0131 sakl\u0131 tutmaktad\u0131r. \u0130\u015fbu Kullan\u0131m Ko\u015fullar\u0131nda yap\u0131lacak herhangi bir de\u011fi\u015fiklik Web Sitesi i\u00e7erisinde ilan edilecek olup, i\u015fbu Kullan\u0131m Ko\u015fullar\u0131n\u0131n sol \u00fcst k\u0131sm\u0131nda belirtilen \u201cSON G\u00dcNCELLEME\u201d tarihinden itibaren ge\u00e7erli olacakt\u0131r.\u00a0<\/span><\/p>\n<ul>\n<li aria-level=\"1\"><b>KULLANICININ Y\u00dcK\u00dcML\u00dcL\u00dcKLER\u0130<\/b><\/li>\n<\/ul>\n<p><span style=\"font-weight: 400;\">MCT, s\u00f6zle\u015fmenin ihlali, haks\u0131z fiil, ihmal veya di\u011fer sebepler neticesinde; i\u015flemin kesintiye u\u011framas\u0131, hata, ihmal, silinme, kay\u0131p, i\u015flemin veya ileti\u015fimin gecikmesi, bilgisayar vir\u00fcs\u00fc, ileti\u015fim hatas\u0131, h\u0131rs\u0131zl\u0131k, imha veya izinsiz olarak kay\u0131tlara girilmesi, de\u011fi\u015ftirilmesi veya kullan\u0131lmas\u0131 hususunda herhangi bir sorumluluk kabul etmez.\u00a0 MCT, t\u00fcm dikkati g\u00f6stermesine kar\u015f\u0131n, Web Sitesinde yer alan bilgilerin do\u011fru, eksiksiz ve g\u00fcncel oldu\u011funa dair garanti vermez. Kullan\u0131c\u0131, bu Web Sitesinde yer alan bilgi ve materyallere dayanarak ger\u00e7ekle\u015ftirdi\u011fi eylemler ya da u\u011frad\u0131\u011f\u0131 zararlardan MCT\u2019nin sorumlu olmad\u0131\u011f\u0131n\u0131 kabul eder.<\/span><\/p>\n<p><span style=\"font-weight: 400;\">MCT, Web Sitesi \u00fczerinden, MCT\u2019nin kendi kontrol\u00fcnde olmayan \u00fc\u00e7\u00fcnc\u00fc ki\u015filerin i\u015fletti\u011fi internet sitelerine, dosyalara veya i\u00e7eriklere ba\u011flant\u0131 verebilir. Bu ba\u011flant\u0131lar, ilgili siteyi i\u015fleten ki\u015fi ile i\u015f birli\u011fi i\u00e7inde olma veya web sitesini ya da i\u00e7erdi\u011fi bilgilere y\u00f6nelik herhangi bir beyan veya garanti niteli\u011fi ta\u015f\u0131mamaktad\u0131r. Web Sitesi \u00fczerindeki ba\u011flant\u0131lar arac\u0131l\u0131\u011f\u0131yla eri\u015filen internet siteleri, dosyalar ve i\u00e7erikler, bu internet sitelerinden sunulan hizmetler, \u00fcr\u00fcnler ya da bunlar\u0131n i\u00e7eri\u011fi hakk\u0131nda MCT\u2019nin hi\u00e7bir sorumlulu\u011fu bulunmamaktad\u0131r.\u00a0<\/span><\/p>\n<p><span style=\"font-weight: 400;\">MCT, Kullan\u0131c\u0131n\u0131n Web Sitesinden faydalanmas\u0131n\u0131 sa\u011flayan yaz\u0131l\u0131mlar\u0131n hatas\u0131z oldu\u011fu taahh\u00fct etmemektedir.\u00a0<\/span><\/p>\n<p><span style=\"font-weight: 400;\">Kullan\u0131c\u0131, Web Sitesi \u00fczerinden veya e-posta yoluyla ya da Web Sitesi d\u0131\u015f\u0131nda herhangi bir yolla yukar\u0131da an\u0131lan ki\u015filere ticari veya ba\u015fka t\u00fcrl\u00fc e-postalar iletmek suretiyle teklifsiz e-posta g\u00f6ndermek, elektronik veya ba\u015fka yollarla kullan\u0131c\u0131 adlar\u0131n\u0131 veya e-posta adreslerini toplamak da d\u00e2hil olmak \u00fczere fakat bunlarla k\u0131s\u0131tl\u0131 olmamak kayd\u0131yla Web Sitesini hi\u00e7bir \u015fekilde hukuka ayk\u0131r\u0131 \u015fekilde, Web Sitesinin ama\u00e7lar\u0131ndan ba\u015fka ama\u00e7lar i\u00e7in kullanamaz.<\/span><\/p>\n<p><span style=\"font-weight: 400;\">Kullan\u0131c\u0131, spam, vir\u00fcs, Truva at\u0131 ve bunlarla s\u0131n\u0131rl\u0131 olmaks\u0131z\u0131n benzeri di\u011fer k\u00f6t\u00fc niyetli yaz\u0131l\u0131mlar ile Web Sitesinin \u00e7al\u0131\u015fmas\u0131n\u0131 durdurucu veya engelleyici i\u015f, i\u015flem veya eylemlerde bulunamaz veya bu y\u00f6nde i\u015f, i\u015flem veya eylemlerde bulunan \u00fc\u00e7\u00fcnc\u00fc ki\u015filerle herhangi bir ili\u015fki i\u00e7erisinde olamaz. Kullan\u0131c\u0131, Web Sitesine eri\u015fim engellenmesine ili\u015fkin mahkeme karar\u0131 ve MCT\u2019nin kontrol\u00fcnde olmayan teknik aksakl\u0131klar d\u00e2hil ancak bunlarla s\u0131n\u0131rl\u0131 olmamak \u00fczere m\u00fccbir sebepler durumunda herhangi bir zamanda, MCT\u2019nin t\u00fcm hizmetlere veya hizmetlerin bir k\u0131sm\u0131na ya da Web Sitesine eri\u015fimi t\u00fcm Kullan\u0131c\u0131lar i\u00e7in k\u0131s\u0131tlayabilece\u011fini kabul eder.\u00a0<\/span><\/p>\n<p><span style=\"font-weight: 400;\">Kullan\u0131c\u0131 tersine m\u00fchendislik yapmayaca\u011f\u0131n\u0131, Web Sitesinin kaynak kodlar\u0131na eri\u015fme veya bunlar\u0131 ke\u015ffetmeye y\u00f6nelik giri\u015fimlerde bulunmayaca\u011f\u0131n\u0131 kabul ve beyan eder.\u00a0<\/span><\/p>\n<p><span style=\"font-weight: 400;\">Kullan\u0131c\u0131n\u0131n ki\u015fisel bilgilerini hatal\u0131 vermesi nedeniyle do\u011facak t\u00fcm zararlardan sorumluluk Kullan\u0131c\u0131ya aittir. Bu nedenlerden dolay\u0131 do\u011facak hi\u00e7bir zarardan MCT sorumlu olmayacakt\u0131r.<\/span><\/p>\n<ul>\n<li aria-level=\"1\"><b>F\u0130KR\u0130 M\u00dcLK\u0130YET<\/b><\/li>\n<\/ul>\n<p><span style=\"font-weight: 400;\">Web Sitesindeki her t\u00fcrl\u00fc fikir ve sanat \u00fcr\u00fcn\u00fcn\u00fcn, bilginin, materyalin kullan\u0131m\u0131 5846 say\u0131l\u0131 Fikir ve Sanat Eserleri Kanunu h\u00fck\u00fcmleri ba\u015fta olmak \u00fczere ilgili mevzuat \u00e7er\u00e7evesinde MCT\u2019nin iznine ba\u011fl\u0131d\u0131r. Kullan\u0131c\u0131, \u201c5846 say\u0131l\u0131 Fikir ve Sanat Eserleri Kanunu\u201d, \u201c556 say\u0131l\u0131 Markalar\u0131n Korunmas\u0131 Hakk\u0131nda Kanun H\u00fckm\u00fcnde Kararname\u201d, \u201c6102 say\u0131l\u0131 T\u00fcrk Ticaret Kanunu\u201d, \u201c551 say\u0131l\u0131 Patent Haklar\u0131n\u0131n Korunmas\u0131 Hakk\u0131nda Kanun H\u00fck\u00fcmde Kararname\u201d, \u201c5237 say\u0131l\u0131 T\u00fcrk Ceza Kanunu\u201d ve di\u011fer mevzuat h\u00fck\u00fcmlerine uygun olarak davranmay\u0131 ve bunlar\u0131 ihlal etmemeyi kabul eder. Aksi takdirde \u015eirket\u2019in bu y\u00fczden kamu kurumlar\u0131na ve\/veya \u00fc\u00e7\u00fcnc\u00fc \u015fah\u0131slara \u00f6demek zorunda kald\u0131\u011f\u0131\/kalaca\u011f\u0131 her t\u00fcrl\u00fc tazminat ve\/veya idari\/adli para cezalar\u0131 i\u00e7in Kullan\u0131c\u0131ya aynen r\u00fccu hakk\u0131 sakl\u0131d\u0131r.<\/span><\/p>\n<p><span style=\"font-weight: 400;\">MCT\u2019nin telif haklar\u0131na tabi \u00e7al\u0131\u015fmalar\u0131, ticari markalar\u0131, ticari g\u00f6r\u00fcn\u00fcm\u00fc veya Platform vas\u0131tas\u0131yla sa\u011flad\u0131\u011f\u0131 ba\u015fkaca varl\u0131k ve bilgilere y\u00f6nelik t\u00fcm haklar MCT\u2019ye aittir. Kullan\u0131c\u0131, MCT\u2019nin yaz\u0131l\u0131 izni olmaks\u0131z\u0131n bunlar\u0131 kopyalamaz, taklitlerini \u00fcretemez ve kullanamaz.<\/span><\/p>\n<p><span style=\"font-weight: 400;\">Kullan\u0131c\u0131 sistemde bulunan, kaynak kodu, veri kodu ve yaz\u0131l\u0131m da d\u00e2hil olmak \u00fczere hi\u00e7bir veriyi de\u011fi\u015ftiremez, kopyalayamaz, \u00e7o\u011faltamaz, yeniden yay\u0131nlayamaz, ba\u015fka bir bilgisayara y\u00fckleyemez, herhangi bir suretle \u00fc\u00e7\u00fcnc\u00fc ki\u015filere iletemez ya da da\u011f\u0131tamaz.<\/span><\/p>\n<p><span style=\"font-weight: 400;\">Kullan\u0131c\u0131n yetkisiz bilet sat\u0131\u015f\u0131, Web Sitesinin yetkisiz \u00e7er\u00e7evelenmesi veya Web Sitesine yetkisiz ba\u011flant\u0131 yap\u0131lmas\u0131 ya da Web Sitesinde bulunan bir robot, \u00f6r\u00fcmcek veya ba\u015fka otomatik aletin yetkisiz kullan\u0131m\u0131 da dahil olmak \u00fczere Web Sitesinin her t\u00fcrl\u00fc yasad\u0131\u015f\u0131 ve\/veya yetkisiz kullan\u0131m\u0131 yasakt\u0131r ve bu t\u00fcr kullan\u0131m halinde, gerekli ara\u015ft\u0131rmalar yap\u0131lacak ve gerekli yasal ve idari yollara ba\u015fvurulacakt\u0131r. Kullan\u0131c\u0131 bu tarz davran\u0131\u015flar\u0131ndan sorumlu oldu\u011funu kabul eder.<\/span><\/p>\n<ul>\n<li aria-level=\"1\"><b>D\u0130\u011eER KO\u015eULLAR<\/b><\/li>\n<\/ul>\n<p><span style=\"font-weight: 400;\">MCT Kullan\u0131c\u0131n\u0131n Kullan\u0131m Ko\u015fullar\u0131na ayk\u0131r\u0131 davrand\u0131\u011f\u0131n\u0131 tespit etmesi halinde herhangi bir ihtara gerek kalmaks\u0131z\u0131n derhal\u00a0 Kullan\u0131c\u0131n\u0131n Web Sitesine eri\u015fimini engelleme hakk\u0131n\u0131 sahiptir ve Kullan\u0131c\u0131lar aleyhine ilgili yasal yollara m\u00fcracaat edebilir.<\/span><\/p>\n<p><span style=\"font-weight: 400;\">\u0130\u015fbu Kullan\u0131m Ko\u015fullar\u0131 h\u00fck\u00fcmleri ayr\u0131labilir ve bir h\u00fckm\u00fcn ge\u00e7ersizli\u011fi hi\u00e7bir \u015fekilde di\u011fer h\u00fck\u00fcmlerin ge\u00e7erlili\u011fini etkilemez. \u0130\u015fbu Kullan\u0131m Ko\u015fullar\u0131 h\u00fck\u00fcmlerinden herhangi birisi yeni bir kanun veya d\u00fczenleme sebebiyle uygulanamaz veya ge\u00e7ersiz hale gelirse Kullan\u0131m Ko\u015fullar\u0131n\u0131n kalan\u0131 bundan etkilenmez.<\/span><\/p>\n<p><span style=\"font-weight: 400;\">Kullan\u0131c\u0131 Web Sitesini kullanmakla, Web Sitesi ile ilgili herhangi ihtil\u00e2f\u0131n \u00e7\u0131kmas\u0131 halinde, bu ihtil\u00e2f\u0131n kanunlar ihtil\u00e2f\u0131 kurallar\u0131na bak\u0131lmaks\u0131z\u0131n T\u00fcrkiye Cumhuriyeti kanunlar\u0131na t\u00e2bi olaca\u011f\u0131n\u0131 ve bu kanunlara g\u00f6re \u00e7\u00f6z\u00fcmlenece\u011fini ve Web Sitesine ve\/veya Kullan\u0131m Ko\u015fullar\u0131na ili\u015fkin herhangi bir ihtilaf\u0131n do\u011fmas\u0131 durumunda \u0130stanbul (\u00c7a\u011flayan) mahkemelerinin ve icra dairelerinin g\u00f6revli ve yetkili olaca\u011f\u0131n\u0131 kabul eder.<\/span><\/p>\n<p><span style=\"font-weight: 400;\">Kullan\u0131c\u0131ya MCT taraf\u0131ndan g\u00f6nderilecek veya Kullan\u0131c\u0131dan al\u0131nacak b\u00fct\u00fcn ihbarlar, onaylar, talepler ile di\u011fer t\u00fcr yaz\u0131\u015fmalar ve bildirimler e-posta \u00fczerinden yap\u0131lacakt\u0131r.<\/span><\/p>\n<p><span style=\"font-weight: 400;\">Herhangi bir soru veya \u015fikayetiniz olursa l\u00fctfen bu Web Sitesinin \u00fcst\u00fcnde bulunan <\/span><a href=\"mailto:ikzirvesi@mct.com.tr\"><span style=\"font-weight: 400;\">ikzirvesi@mct.com.tr<\/span><\/a><span style=\"font-weight: 400;\">\u00a0 ya da <\/span><a href=\"mailto:kvkk@mct.com.tr\"><span style=\"font-weight: 400;\">kvkk@mct.com.tr<\/span><\/a><span style=\"font-weight: 400;\"> mail adresi arac\u0131l\u0131\u011f\u0131 ile bize bildiriniz.<\/span><\/p>\n","protected":false},"excerpt":{"rendered":"<p>Son G\u00fcncelleme Tarihi: 05.06.2023 A\u015fa\u011f\u0131da h\u00fck\u00fcmleri yaz\u0131l\u0131 olan Kullan\u0131m Ko\u015fullar\u0131, Esentepe Mah. B\u00fcy\u00fckdere Cad. Ferko S\u0131gnature Blok No: 175 \u0130\u00e7 Kap\u0131 No: 7 \u015ei\u015fli \/ \u0130stanbul adresinde mukim MCT Teknoloji E\u011fitim ve Dan\u0131\u015fmanl\u0131k Anonim \u015eirketi (\u201cMCT\u201d veya \u201c\u015eirket, biz\u201d)\u00a0 ile https:\/\/insankaynaklarizirvesi.com uzant\u0131l\u0131 web sitesini (\u201cWeb Sitesi\u201d) \u00fcye olmadan kullanan ki\u015fi (\u201c\u201dKullan\u0131c\u0131\u201d, \u201csiz\u201d) aras\u0131nda ge\u00e7erli olan&#8230;<\/p>\n","protected":false},"author":2,"featured_media":0,"parent":0,"menu_order":0,"comment_status":"closed","ping_status":"closed","template":"","meta":{"_acf_changed":false,"footnotes":""},"class_list":["post-1778","page","type-page","status-publish","hentry"],"acf":[],"_links":{"self":[{"href":"https:\/\/insankaynaklarizirvesi.com\/en\/wp-json\/wp\/v2\/pages\/1778","targetHints":{"allow":["GET"]}}],"collection":[{"href":"https:\/\/insankaynaklarizirvesi.com\/en\/wp-json\/wp\/v2\/pages"}],"about":[{"href":"https:\/\/insankaynaklarizirvesi.com\/en\/wp-json\/wp\/v2\/types\/page"}],"author":[{"embeddable":true,"href":"https:\/\/insankaynaklarizirvesi.com\/en\/wp-json\/wp\/v2\/users\/2"}],"replies":[{"embeddable":true,"href":"https:\/\/insankaynaklarizirvesi.com\/en\/wp-json\/wp\/v2\/comments?post=1778"}],"version-history":[{"count":0,"href":"https:\/\/insankaynaklarizirvesi.com\/en\/wp-json\/wp\/v2\/pages\/1778\/revisions"}],"wp:attachment":[{"href":"https:\/\/insankaynaklarizirvesi.com\/en\/wp-json\/wp\/v2\/media?parent=1778"}],"curies":[{"name":"wp","href":"https:\/\/api.w.org\/{rel}","templated":true}]}}