{"id":1809,"date":"2023-06-01T13:47:26","date_gmt":"2023-06-01T13:47:26","guid":{"rendered":"https:\/\/insankaynaklarizirvesi.com\/mesafeli-satis-sozlesmesi-on-bilgilendirme-formu\/"},"modified":"2023-10-14T09:25:09","modified_gmt":"2023-10-14T09:25:09","slug":"distance-sales-agreement-preliminary-information-form","status":"publish","type":"page","link":"https:\/\/insankaynaklarizirvesi.com\/en\/distance-sales-agreement-preliminary-information-form\/","title":{"rendered":"Distance Sales Agreement Preliminary Information Form"},"content":{"rendered":"<p><b>MESAFEL\u0130 SATI\u015e S\u00d6ZLE\u015eMES\u0130 \u00d6N B\u0130LG\u0130LEND\u0130RME FORMU<\/b><\/p>\n<p><span style=\"font-weight: 400;\">\u0130\u015fbu Mesafeli Sat\u0131\u015f S\u00f6zle\u015fmesi \u00d6n Bilgilendirme Formu\u2019nun (\u201c<\/span><b>\u00d6n Bilgilendirme Formu<\/b><span style=\"font-weight: 400;\">\u201d) konusu ALICI taraf\u0131ndan sat\u0131n al\u0131nan a\u015fa\u011f\u0131da belirtilen hizmetlerle ilgili olarak 6502 say\u0131l\u0131 T\u00fcketicinin Korunmas\u0131 Hakk\u0131nda Kanun ve 27.11.2014 tarih ve 29188 Say\u0131l\u0131 Resm\u00ee Gazete\u2019de yay\u0131mlanan Mesafeli S\u00f6zle\u015fmeler Y\u00f6netmeli\u011fi h\u00fck\u00fcmleri uyar\u0131nca Taraflar\u0131n hak ve y\u00fck\u00fcml\u00fcl\u00fcklerinin belirlenmesinden ibarettir. \u0130\u015fbu \u00d6n Bilgilendirme Formu ALICI\u2019NIN mesleki ya da ticari ama\u00e7larla hareket edip etmemesine ba\u011fl\u0131 olmaks\u0131z\u0131n ge\u00e7erlidir. ALICI i\u015fbu \u00d6n Bilgilendirme Formu\u2019nu kabul etmekle, S\u00f6zle\u015fme konusu sipari\u015fi onaylad\u0131\u011f\u0131 takdirde sipari\u015f konusu bedeli ve varsa ek \u00fccretleri i\u015fbu \u00d6n Bilgilendirme Formu\u2019nda belirtilen esaslara uymak suretiyle \u00f6deme y\u00fck\u00fcml\u00fcl\u00fc\u011f\u00fc alt\u0131na girece\u011fini kabul, beyan ve taahh\u00fct eder.<\/span><\/p>\n<ul>\n<li aria-level=\"1\"><b>TARAFLAR<\/b><\/li>\n<\/ul>\n<p><b>1.1. SATICIYA A\u0130T B\u0130LG\u0130LER<\/b><\/p>\n<p><b>Sat\u0131c\u0131:<\/b><span style=\"font-weight: 400;\"> MCT TEKNOLOJ\u0130 E\u011e\u0130T\u0130M VE DANI\u015eMANLIK ANON\u0130M \u015e\u0130RKET\u0130<\/span><\/p>\n<p><b>Vergi Dairesi<\/b><span style=\"font-weight: 400;\">: BE\u015e\u0130KTA\u015e VERG\u0130 DA\u0130RES\u0130\u00a0\u00a0<\/span><\/p>\n<p><b>MERS\u0130S Numaras\u0131:<\/b><span style=\"font-weight: 400;\"> 0613122061100001<\/span><\/p>\n<p><b>Adres:<\/b><span style=\"font-weight: 400;\"> ESENTEPE MAH. B\u00dcY\u00dcKDERE CAD. FERKO SIGNATURE BLOK NO: 175 \u0130\u00c7 KAPI NO: 7 \u015e\u0130\u015eL\u0130 \/ \u0130STANBUL<\/span><\/p>\n<p><b>Telefon:<\/b><span style=\"font-weight: 400;\"> 0212 310 17 00<\/span><\/p>\n<p><b>E-posta :<\/b><span style=\"font-weight: 400;\"> kvkk@mct.com.tr<\/span><\/p>\n<p><b>Web:<\/b><span style=\"font-weight: 400;\"> https:\/\/insankaynaklarizirvesi.com<\/span><\/p>\n<p>&nbsp;<\/p>\n<p><b>1.2. ALICIYA A\u0130T B\u0130LG\u0130LER<\/b><\/p>\n<p><b>Ad\u0131\/Soyad\u0131\/Unvan\u0131:\u00a0\u00a0<\/b><\/p>\n<p><b>Adresi:\u00a0\u00a0<\/b><\/p>\n<p><b>Telefon:\u00a0<\/b><\/p>\n<p><b>E-mail:\u00a0<\/b><\/p>\n<p><b>Tarih:\u00a0<\/b><\/p>\n<p><span style=\"font-weight: 400;\">\u0130\u015fbu metnin konusu, ALICI&#8217;n\u0131n SATICI&#8217;ya insankaynaklarizirvesi.com uzant\u0131l\u0131 web sitesinin, aplikasyonunun ve buna ba\u011fl\u0131 t\u00fcm uygulamalar\u0131n (\u201c<\/span><b>\u0130nternet Sitesi<\/b><span style=\"font-weight: 400;\">\u201d) \u00fczerinden elektronik ortamda sipari\u015f verdi\u011fi, \u00d6n Bilgilendirme Formu ve internet sitesinde nitelikleri ve sat\u0131\u015f bedeli belirtilen \u00fcr\u00fcnlerin (\u201c<\/span><b>\u00dcr\u00fcn<\/b><span style=\"font-weight: 400;\">\u201d) sunumu ve sat\u0131\u015f\u0131 ile ilgili olarak 6502 say\u0131l\u0131 T\u00fcketicinin Korunmas\u0131 Hakk\u0131ndaki Kanun (\u201c<\/span><b>6502 Say\u0131l\u0131 Kanun<\/b><span style=\"font-weight: 400;\">\u201d) ve Mesafeli S\u00f6zle\u015fmeler Y\u00f6netmeli\u011fi h\u00fck\u00fcmleri gere\u011fince SATICI\u2019n\u0131n \u00f6n bilgilendirme y\u00fck\u00fcml\u00fcl\u00fc\u011f\u00fcn\u00fc yerine getirmesini ama\u00e7lamaktad\u0131r.<\/span><\/p>\n<ul>\n<li aria-level=\"1\"><b>S\u00d6ZLE\u015eME KONUSU \u00dcR\u00dcN\/H\u0130ZMET\u0130N \u00d6ZELL\u0130KLER\u0130 ve \u00d6DEME B\u0130LG\u0130LER\u0130<\/b><\/li>\n<\/ul>\n<p><span style=\"font-weight: 400;\">S\u00f6zle\u015fmenin konusu, i\u00e7eri\u011fi internet sitesinde i\u00e7eri\u011fi hakk\u0131nda bilgi verilen insan kaynaklar\u0131 konulu zirvenin <\/span><b>(\u201cEtkinlik\u201d)<\/b><span style=\"font-weight: 400;\"> bilet sat\u0131\u015f\u0131d\u0131r.\u00a0<\/span><\/p>\n<table>\n<tbody>\n<tr>\n<td><b>ETK\u0130NL\u0130K<\/b><\/td>\n<td><b>B\u0130R\u0130M F\u0130YAT (TL)<\/b><\/td>\n<td><b>ADET<\/b><\/td>\n<td><b>TOPLAM (TL)<\/b><\/td>\n<\/tr>\n<tr>\n<td><span style=\"font-weight: 400;\">\u00a0<\/span><\/td>\n<td><span style=\"font-weight: 400;\">\u00a0<\/span><\/td>\n<td><span style=\"font-weight: 400;\">\u00a0<\/span><\/td>\n<td><span style=\"font-weight: 400;\">\u00a0<\/span><\/td>\n<\/tr>\n<tr>\n<td colspan=\"3\"><b>\u00d6DEME TOPLAMI (KDV DAH\u0130L)<\/b><\/td>\n<td><b>\u00a0<\/b><\/td>\n<\/tr>\n<\/tbody>\n<\/table>\n<p><span style=\"font-weight: 400;\">\u00a0<\/span><\/p>\n<p><b>\u00d6deme \u015eekli: <\/b><span style=\"font-weight: 400;\">\u00d6demeler kredi kart\u0131, banka kart, EFT, havale y\u00f6ntemlerinden birisi kullan\u0131larak yap\u0131labilir.<\/span><\/p>\n<p><span style=\"font-weight: 400;\">ALICI, kredi kart\u0131 ile \u00f6deme yaparken \u0130nternet Sitesi\u2019nde al\u0131\u015fveri\u015fini tamamlamadan \u00f6nce ilgili sayfada kredi kart\u0131 bilgilerini girecektir. ALICI, ilgili sayfada uygun oldu\u011fu \u00f6l\u00e7\u00fcde yer alan taksit se\u00e7eneklerinden diledi\u011fini tercih edebilir veya tek \u00e7ekim se\u00e7ene\u011fi ile \u00f6demeyi ger\u00e7ekle\u015ftirebilir.<\/span><\/p>\n<p><span style=\"font-weight: 400;\">ALICI talep etti\u011fi \u00dcr\u00fcn\/Hizmetin bedelini i\u015fbu \u00d6n Bilgilendirme Formu\u2019nda belirtildi\u011fi \u00fczere tam ve eksiksiz bir \u015fekilde, belirtilen \u00f6deme \u015fekliyle \u00f6demekle y\u00fck\u00fcml\u00fcd\u00fcr. Herhangi bir nedenle \u00dcr\u00fcn bedeli \u00f6denmez veya \u00f6deme banka kay\u0131tlar\u0131nda iptal edilir ise, SATICI \u00dcr\u00fcn\u2019\u00fcn teslimi y\u00fck\u00fcml\u00fcl\u00fc\u011f\u00fcnden kurtulmu\u015f kabul edilir. Ayr\u0131ca ALICI\u2019n\u0131n borcundan dolay\u0131 temerr\u00fcde d\u00fc\u015fmesi halinde, ALICI, borcun gecikmeli ifas\u0131ndan dolay\u0131 SATICI\u2019n\u0131n olu\u015fan zarar ve ziyan\u0131n\u0131 \u00f6demeyi kabul eder.<\/span><\/p>\n<p><span style=\"font-weight: 400;\">ALICI, kredi\/banka kart\u0131 ile yapm\u0131\u015f oldu\u011fu i\u015flemlerinde temerr\u00fcde d\u00fc\u015fmesi halinde kart sahibi bankan\u0131n kendisi ile yapm\u0131\u015f oldu\u011fu kredi\/banka kart\u0131 s\u00f6zle\u015fmesi \u00e7er\u00e7evesinde faiz \u00f6deyebilecek ve bankaya kar\u015f\u0131 sorumlu olacakt\u0131r. Bu durumda ilgili banka hukuki yollara ba\u015fvurabilir; do\u011facak masraflar\u0131 ve vek\u00e2let \u00fccretini ALICI\u2019dan talep edebilir ve her ko\u015fulda ALICI\u2019n\u0131n borcundan dolay\u0131 temerr\u00fcde d\u00fc\u015fmesi halinde, ALICI, borcun gecikmeli ifas\u0131ndan dolay\u0131 SATICI&#8217;n\u0131n olu\u015fan zarar ve ziyan\u0131n\u0131 \u00f6demeyi kabul eder.<\/span><\/p>\n<p><span style=\"font-weight: 400;\">ALICI, \u00f6deme yapt\u0131\u011f\u0131 kredi\/banka kart\u0131n\u0131n kendisine ait oldu\u011funu veya kart\u0131n me\u015fru hamili bulundu\u011funu, \u201c\u00f6deme yap\u201d se\u00e7ene\u011fine t\u0131klad\u0131\u011f\u0131 anda kabul ve beyan etmi\u015ftir. ALICI, kredi kart\u0131 kullan\u0131m\u0131n\u0131n hukuka uygun oldu\u011funu taahh\u00fct etmi\u015ftir. Bu konudaki hi\u00e7bir talepten SATICI sorumlu tutulamaz. ALICI, herhangi bir sebeple Banka taraf\u0131ndan ba\u015far\u0131s\u0131z kodu g\u00f6nderilen ancak buna ra\u011fmen Banka taraf\u0131ndan SATICI\u2019ya yap\u0131lan \u00f6demelere ili\u015fkin olarak, SATICI\u2019n\u0131n herhangi bir sorumlulu\u011funun bulunmad\u0131\u011f\u0131n\u0131 kabul, beyan ve taahh\u00fct eder.<\/span><\/p>\n<p><span style=\"font-weight: 400;\">ALICI ile sipari\u015f esnas\u0131nda kullan\u0131lan kredi kart\u0131 hamilinin ayn\u0131 ki\u015fi olmamas\u0131 veya \u00dcr\u00fcn\/Hizmet\u2019in ALICI\u2019YA tesliminden evvel, sipari\u015fte kullan\u0131lan kredi kart\u0131na ili\u015fkin g\u00fcvenlik a\u00e7\u0131\u011f\u0131 tespit edilmesi halinde, SATICI, kredi kart\u0131 hamiline ili\u015fkin kimlik ve ileti\u015fim bilgilerini, sipari\u015fte kullan\u0131lan kredi kart\u0131n\u0131n bir \u00f6nceki aya ait ekstresini yahut kart hamilinin Banka\u2019dan kredi kart\u0131n\u0131n kendisine ait oldu\u011funa ili\u015fkin yaz\u0131y\u0131 ibraz etmesini ALICI\u2019dan talep edebilecektir. ALICI\u2019n\u0131n talebe konu bilgi\/belgeleri temin etmesine kadar ge\u00e7ecek s\u00fcrede sipari\u015f dondurulacak olup, s\u00f6z konusu taleplerin 24 (yirmid\u00f6rt) saat i\u00e7erisinde kar\u015f\u0131lanmamas\u0131 halinde ise SATICI, sipari\u015fi iptal etme hakk\u0131n\u0131 haizdir.<\/span><\/p>\n<p><span style=\"font-weight: 400;\">ALICI\u2019n\u0131n verece\u011fi sipari\u015flerde kurumsal fatura se\u00e7ene\u011fini se\u00e7mesi durumunda SATICI, ALICI taraf\u0131ndan Platform \u00fczerinden bildirilecek vergi kimlik numaras\u0131 ve vergi dairesi bilgilerini kullanarak kurumsal fatura d\u00fczenleyecektir. Faturada yer almas\u0131 gereken bilgilerin do\u011fru ve eksiksiz girilmesi tamamen ALICI\u2019n\u0131n sorumlulu\u011fundad\u0131r.<\/span><\/p>\n<ul>\n<li aria-level=\"1\"><b>D\u0130\u011eER KO\u015eULLAR\u00a0<\/b><\/li>\n<\/ul>\n<p><span style=\"font-weight: 400;\">ALICI\u2019n\u0131n sat\u0131n almay\u0131 planlad\u0131\u011f\u0131 Etkinlik biletinin ve hizmetin t\u00fcm vergiler dahil toplam fiyat\u0131, hizmet bedeli, teslim masraflar\u0131 ve varsa di\u011fer ek masraflar\u0131n detaylar\u0131, ayr\u0131ca Etkinli\u011fe dair t\u00fcm bilgiler, varsa Etkinli\u011fe kat\u0131l\u0131m ko\u015fullar\u0131, sat\u0131n almay\u0131 planlad\u0131\u011f\u0131 Etkinlik bileti sayfas\u0131nda, her bir Etkinlik \u00f6zelinde a\u00e7\u0131klanm\u0131\u015ft\u0131r. ALICI, bilet sat\u0131n alma i\u015flemini yapmak suretiyle, Etkinlik i\u00e7in belirlenen ve duyurulan t\u00fcm h\u00fck\u00fcm ve ko\u015fullara aynen riayet edece\u011finizi kabul etmi\u015f olmaktad\u0131r. \u015eayet ALICI etkinli\u011fin belirlenen ve a\u00e7\u0131klanan h\u00fck\u00fcm ve ko\u015fullar\u0131ndan herhangi birini kabul etmiyorsa veya bu ko\u015fullardan herhangi birine riayet edemiyorsa ve\/veya edemeyecekse bilet sat\u0131n alma i\u015flemini yapmamas\u0131 gerekmektedir. Aksi durumda, bilet sat\u0131n alm\u0131\u015f olsa dahi SATICI\u2019n\u0131n bilet bedeli de dahil olmak \u00fczere herhangi bir sorumlulu\u011fu olmayacakt\u0131r.\u00a0<\/span><\/p>\n<p><span style=\"font-weight: 400;\">ALICI sipari\u015fi onaylamadan ve mesafeli sat\u0131\u015f s\u00f6zle\u015fmesinin kurulmas\u0131ndan \u00f6nce, Etkinli\u011fe ve hizmete dair t\u00fcm detaylar ve bilgiler detayl\u0131ca kendisine iletildi\u011fini kabul etmektedir. ALICI Etkinlik \u015fartlar\u0131na ve\/veya i\u00e7eri\u011fine kar\u015f\u0131 herhangi bir \u00e7ekincesi olmas\u0131 durumunda sipari\u015fi onaylamadan \u00f6nce, SATICI ile ileti\u015fime ge\u00e7ebilecektir.\u00a0<\/span><\/p>\n<p><span style=\"font-weight: 400;\">ALICI Sipari\u015fini onaylayarak; bileti sat\u0131n almadan \u00f6nce,\u00a0<\/span><\/p>\n<ol>\n<li><span style=\"font-weight: 400;\">a) SATICI ile ilgili gerekli t\u00fcm bilgileri ve ileti\u015fim adreslerini b) sat\u0131n ald\u0131\u011f\u0131 bilete ve hizmete ili\u015fkin t\u00fcm \u00f6zellikleri ve ayr\u0131ca t\u00fcm vergiler dahil toplam bilet\/hizmet fiyat\u0131n\u0131 ve varsa t\u00fcm ek masraflar\u0131 c) \u00f6deme, teslimat, ifaya ili\u015fkin bilgileri ve \u015fikayetlere ili\u015fkin s\u00f6zle\u015fmede d\u00fczenlenen \u00e7\u00f6z\u00fcm y\u00f6ntemlerini d) uyu\u015fmazl\u0131k konusunda ba\u015fvurular\u0131n\u0131z\u0131 T\u00fcketici Mahkemesine veya T\u00fcketici Hakem Heyetine yapabilece\u011finize dair s\u00f6zle\u015fmesel bilgileri ve neticeten s\u00f6zle\u015fmede d\u00fczenlenen t\u00fcm h\u00fck\u00fcmleri bildi\u011finizi yaz\u0131l\u0131 olarak kabul, beyan ve taahh\u00fct etmektedir.<\/span><\/li>\n<\/ol>\n<ul>\n<li aria-level=\"1\"><b>CAYMA HAKKI\u00a0<\/b><\/li>\n<\/ul>\n<p><span style=\"font-weight: 400;\">Kural olarak, t\u00fcm bilet sat\u0131\u015flar\u0131 kesindir. Mesafeli S\u00f6zle\u015fmeler Y\u00f6netmeli\u011fi\u2019nin 15\/g maddesine istinaden ALICI\u2019n\u0131n sat\u0131n ald\u0131\u011f\u0131 biletlere dair cayma hakk\u0131 bulunmamaktad\u0131r.<\/span><\/p>\n<ol>\n<li style=\"font-weight: 400;\" aria-level=\"1\"><b>YETK\u0130L\u0130 MAHKEME<\/b><\/li>\n<\/ol>\n<p><span style=\"font-weight: 400;\">Taraflar aras\u0131ndaki S\u00f6zle\u015fme\u2019nin uygulanmas\u0131ndan do\u011fan uyu\u015fmazl\u0131klarda G\u00fcmr\u00fck ve Ticaret Bakanl\u0131\u011f\u0131 taraf\u0131ndan belirlenen parasal s\u0131n\u0131rlar d\u00e2hilinde do\u011frudan ALICI\u2019n\u0131n yerle\u015fim yerinin bulundu\u011fu veya t\u00fcketici i\u015fleminin yap\u0131ld\u0131\u011f\u0131 yerdeki T\u00fcketici Sorunlar\u0131 Hakem Heyeti veya T\u00fcketici Mahkemesi; parasal de\u011feri a\u015fan durumlarda ise ALICI\u2019n\u0131n yerle\u015fim yerinin bulundu\u011fu veya t\u00fcketici i\u015fleminin yap\u0131ld\u0131\u011f\u0131 yerdeki T\u00fcketici Mahkemeleri ve \u0130cra M\u00fcd\u00fcrl\u00fckleri yetkilidir.\u00a0<\/span><\/p>\n<p><span style=\"font-weight: 400;\">\u0130\u015f bu \u00d6n Bilgilendirme Formu elektronik ortamda ALICI taraf\u0131ndan okunarak kabul edildikten sonra mesafeli sat\u0131\u015f s\u00f6zle\u015fmesi kurulmas\u0131 a\u015famas\u0131na ge\u00e7ilecektir. ALICI, elektronik ortamda onay vermesi durumunda \u00d6n Bilgilendirme Formu\u2019nda belirtilen maddeleri okudu\u011funu, kabul etti\u011fini ve herhangi bir itiraz\u0131n\u0131n olmad\u0131\u011f\u0131n\u0131 i\u015fbu \u00d6n Bilgilendirme Formu\u2019na konu sipari\u015finin \u00f6deme y\u00fck\u00fcml\u00fcl\u00fc\u011f\u00fc do\u011furaca\u011f\u0131n\u0131 bildi\u011fini kabul, beyan ve taahh\u00fct eder.<\/span><\/p>\n<p>&nbsp;<\/p>\n","protected":false},"excerpt":{"rendered":"<p>MESAFEL\u0130 SATI\u015e S\u00d6ZLE\u015eMES\u0130 \u00d6N B\u0130LG\u0130LEND\u0130RME FORMU \u0130\u015fbu Mesafeli Sat\u0131\u015f S\u00f6zle\u015fmesi \u00d6n Bilgilendirme Formu\u2019nun (\u201c\u00d6n Bilgilendirme Formu\u201d) konusu ALICI taraf\u0131ndan sat\u0131n al\u0131nan a\u015fa\u011f\u0131da belirtilen hizmetlerle ilgili olarak 6502 say\u0131l\u0131 T\u00fcketicinin Korunmas\u0131 Hakk\u0131nda Kanun ve 27.11.2014 tarih ve 29188 Say\u0131l\u0131 Resm\u00ee Gazete\u2019de yay\u0131mlanan Mesafeli S\u00f6zle\u015fmeler Y\u00f6netmeli\u011fi h\u00fck\u00fcmleri uyar\u0131nca Taraflar\u0131n hak ve y\u00fck\u00fcml\u00fcl\u00fcklerinin belirlenmesinden ibarettir. \u0130\u015fbu \u00d6n Bilgilendirme&#8230;<\/p>\n","protected":false},"author":1,"featured_media":0,"parent":0,"menu_order":0,"comment_status":"closed","ping_status":"closed","template":"","meta":{"_acf_changed":false,"footnotes":""},"class_list":["post-1809","page","type-page","status-publish","hentry"],"acf":[],"_links":{"self":[{"href":"https:\/\/insankaynaklarizirvesi.com\/en\/wp-json\/wp\/v2\/pages\/1809","targetHints":{"allow":["GET"]}}],"collection":[{"href":"https:\/\/insankaynaklarizirvesi.com\/en\/wp-json\/wp\/v2\/pages"}],"about":[{"href":"https:\/\/insankaynaklarizirvesi.com\/en\/wp-json\/wp\/v2\/types\/page"}],"author":[{"embeddable":true,"href":"https:\/\/insankaynaklarizirvesi.com\/en\/wp-json\/wp\/v2\/users\/1"}],"replies":[{"embeddable":true,"href":"https:\/\/insankaynaklarizirvesi.com\/en\/wp-json\/wp\/v2\/comments?post=1809"}],"version-history":[{"count":0,"href":"https:\/\/insankaynaklarizirvesi.com\/en\/wp-json\/wp\/v2\/pages\/1809\/revisions"}],"wp:attachment":[{"href":"https:\/\/insankaynaklarizirvesi.com\/en\/wp-json\/wp\/v2\/media?parent=1809"}],"curies":[{"name":"wp","href":"https:\/\/api.w.org\/{rel}","templated":true}]}}