{"id":3963,"date":"2024-05-15T07:49:10","date_gmt":"2024-05-15T07:49:10","guid":{"rendered":"https:\/\/insankaynaklarizirvesi.com\/program-2023\/"},"modified":"2025-03-25T14:38:58","modified_gmt":"2025-03-25T14:38:58","slug":"program-2023","status":"publish","type":"page","link":"https:\/\/insankaynaklarizirvesi.com\/en\/program-2023\/","title":{"rendered":"Program 2023"},"content":{"rendered":"<section class=\"l-section wpb_row height_small\" id=\"program\"><div class=\"l-section-h i-cf\"><div class=\"g-cols vc_row via_grid cols_1 laptops-cols_inherit tablets-cols_inherit mobiles-cols_1 valign_top type_default stacking_default\"><div class=\"wpb_column vc_column_container\"><div class=\"vc_column-inner\"><h2 class=\"w-text us_custom_9e5cf51b has_text_color\"><span class=\"w-text-h\"><span class=\"w-text-value\">Program<\/span><\/span><\/h2><div class=\"w-separator size_small\"><\/div><div class=\"w-tabs layout_hor style_default switch_click has_scrolling\" style=\"--sections-title-size:1em\"><div class=\"w-tabs-list items_5 align_center\"><div class=\"w-tabs-list-h\"><button class=\"w-tabs-item active\" aria-controls=\"content-1gun\" aria-expanded=\"false\"><span class=\"w-tabs-item-title\">1. G\u00fcn<\/span><\/button><button class=\"w-tabs-item\" aria-controls=\"content-2gun\" aria-expanded=\"false\"><span class=\"w-tabs-item-title\">2. G\u00fcn<\/span><\/button><button class=\"w-tabs-item\" aria-controls=\"content-3gun\" aria-expanded=\"false\"><span class=\"w-tabs-item-title\">3. G\u00fcn<\/span><\/button><button class=\"w-tabs-item\" aria-controls=\"content-4gun\" aria-expanded=\"false\"><span class=\"w-tabs-item-title\">4. G\u00fcn<\/span><\/button><button class=\"w-tabs-item\" aria-controls=\"content-5gun\" aria-expanded=\"false\"><span class=\"w-tabs-item-title\">5. G\u00fcn<\/span><\/button><\/div><\/div><div class=\"w-tabs-sections titles-align_none icon_chevron cpos_right\"><div class=\"w-tabs-section active\" id=\"1gun\"><button class=\"w-tabs-section-header active\" aria-controls=\"content-1gun\" aria-expanded=\"true\"><div class=\"w-tabs-section-title\">1. G\u00fcn<\/div><div class=\"w-tabs-section-control\"><\/div><\/button><div  class=\"w-tabs-section-content\" id=\"content-1gun\"><div class=\"w-tabs-section-content-h i-cf\"><div class=\"w-grid us_grid type_grid layout_389 program-item no_results cols_1 preload_style_spinner\" id=\"us_grid_1\" style=\"--columns:1;--gap:1.5rem;\" data-filterable=\"true\"><style>.layout_389 .w-grid-item-h{}.layout_389 .usg_post_title_1{color:var(--color-2024-second)!important;font-weight:600!important;text-transform:capitalize!important}.layout_389 .usg_hwrapper_2{padding-bottom:20px!important}.layout_389 .usg_post_custom_field_1{font-weight:600!important}.layout_389 .usg_html_1{font-weight:600!important;width:200px!important;border-radius:50%!important}.layout_389 .usg_post_custom_field_2{font-weight:600!important}@media (min-width:1025px) and (max-width:1280px){.layout_389 .usg_html_1{width:200px!important}}@media (max-width:600px){.layout_389 .usg_html_1{margin-bottom:10px!important}}<\/style><div class=\"w-grid-list\"><\/div>\t<div class=\"w-grid-preloader\">\r\n\t\t<div class=\"g-preloader type_1\">\r\n\t\t\t<div><\/div>\r\n\t\t<\/div>\r\n\t<\/div>\r\n\t\t<div class=\"w-grid-json hidden\" onclick='return {&quot;action&quot;:&quot;us_ajax_grid&quot;,&quot;infinite_scroll&quot;:0,&quot;max_num_pages&quot;:0,&quot;pagination&quot;:&quot;none&quot;,&quot;template_vars&quot;:{&quot;columns&quot;:&quot;1&quot;,&quot;exclude_items&quot;:&quot;none&quot;,&quot;img_size&quot;:&quot;default&quot;,&quot;ignore_items_size&quot;:0,&quot;items_layout&quot;:&quot;389&quot;,&quot;items_offset&quot;:&quot;1&quot;,&quot;load_animation&quot;:&quot;none&quot;,&quot;overriding_link&quot;:&quot;%7B%22url%22%3A%22%22%7D&quot;,&quot;post_id&quot;:0,&quot;query_args&quot;:{&quot;post_type&quot;:[&quot;program&quot;],&quot;tax_query&quot;:[{&quot;taxonomy&quot;:&quot;program-gun&quot;,&quot;field&quot;:&quot;slug&quot;,&quot;terms&quot;:[&quot;1-gun&quot;]},{&quot;taxonomy&quot;:&quot;program-yil&quot;,&quot;field&quot;:&quot;slug&quot;,&quot;terms&quot;:[&quot;yil-2023&quot;]}],&quot;post_status&quot;:[&quot;publish&quot;,&quot;acf-disabled&quot;],&quot;posts_per_page&quot;:999},&quot;orderby_query_args&quot;:{&quot;orderby&quot;:&quot;custom_field&quot;,&quot;meta_key&quot;:&quot;baslangic_tarihi&quot;,&quot;order&quot;:&quot;ASC&quot;},&quot;type&quot;:&quot;grid&quot;,&quot;us_grid_post_type&quot;:&quot;program&quot;,&quot;us_grid_ajax_index&quot;:1,&quot;us_grid_filter_query_string&quot;:null,&quot;us_grid_index&quot;:1,&quot;page_args&quot;:[],&quot;lang&quot;:&quot;en&quot;}}'><\/div>\r\n\t<\/div><div class=\"w-grid-none type_message\">No results found.<\/div><\/div><\/div><\/div><div class=\"w-tabs-section\" id=\"2gun\"><button class=\"w-tabs-section-header\" aria-controls=\"content-2gun\" aria-expanded=\"false\"><div class=\"w-tabs-section-title\">2. G\u00fcn<\/div><div class=\"w-tabs-section-control\"><\/div><\/button><div  class=\"w-tabs-section-content\" id=\"content-2gun\"><div class=\"w-tabs-section-content-h i-cf\"><div class=\"w-grid us_grid type_grid layout_389 program-item no_results cols_1 preload_style_spinner\" id=\"us_grid_2\" style=\"--columns:1;--gap:1.5rem;\" data-filterable=\"true\"><div class=\"w-grid-list\"><\/div>\t<div class=\"w-grid-preloader\">\r\n\t\t<div class=\"g-preloader type_1\">\r\n\t\t\t<div><\/div>\r\n\t\t<\/div>\r\n\t<\/div>\r\n\t\t<div class=\"w-grid-json hidden\" onclick='return {&quot;action&quot;:&quot;us_ajax_grid&quot;,&quot;infinite_scroll&quot;:0,&quot;max_num_pages&quot;:0,&quot;pagination&quot;:&quot;none&quot;,&quot;template_vars&quot;:{&quot;columns&quot;:&quot;1&quot;,&quot;exclude_items&quot;:&quot;none&quot;,&quot;img_size&quot;:&quot;default&quot;,&quot;ignore_items_size&quot;:0,&quot;items_layout&quot;:&quot;389&quot;,&quot;items_offset&quot;:&quot;1&quot;,&quot;load_animation&quot;:&quot;none&quot;,&quot;overriding_link&quot;:&quot;%7B%22url%22%3A%22%22%7D&quot;,&quot;post_id&quot;:0,&quot;query_args&quot;:{&quot;post_type&quot;:[&quot;program&quot;],&quot;tax_query&quot;:[{&quot;taxonomy&quot;:&quot;program-gun&quot;,&quot;field&quot;:&quot;slug&quot;,&quot;terms&quot;:[&quot;2-gun&quot;]},{&quot;taxonomy&quot;:&quot;program-yil&quot;,&quot;field&quot;:&quot;slug&quot;,&quot;terms&quot;:[&quot;yil-2023&quot;]}],&quot;post_status&quot;:[&quot;publish&quot;,&quot;acf-disabled&quot;],&quot;posts_per_page&quot;:999},&quot;orderby_query_args&quot;:{&quot;orderby&quot;:&quot;custom_field&quot;,&quot;meta_key&quot;:&quot;baslangic_tarihi&quot;,&quot;order&quot;:&quot;ASC&quot;},&quot;type&quot;:&quot;grid&quot;,&quot;us_grid_post_type&quot;:&quot;program&quot;,&quot;us_grid_ajax_index&quot;:2,&quot;us_grid_filter_query_string&quot;:null,&quot;us_grid_index&quot;:2,&quot;page_args&quot;:[],&quot;lang&quot;:&quot;en&quot;}}'><\/div>\r\n\t<\/div><div class=\"w-grid-none type_message\">No results found.<\/div><\/div><\/div><\/div><div class=\"w-tabs-section\" id=\"3gun\"><button class=\"w-tabs-section-header\" aria-controls=\"content-3gun\" aria-expanded=\"false\"><div class=\"w-tabs-section-title\">3. G\u00fcn<\/div><div class=\"w-tabs-section-control\"><\/div><\/button><div  class=\"w-tabs-section-content\" id=\"content-3gun\"><div class=\"w-tabs-section-content-h i-cf\"><div class=\"w-grid us_grid type_grid layout_389 program-item no_results cols_1 preload_style_spinner\" id=\"us_grid_3\" style=\"--columns:1;--gap:1.5rem;\" data-filterable=\"true\"><div class=\"w-grid-list\"><\/div>\t<div class=\"w-grid-preloader\">\r\n\t\t<div class=\"g-preloader type_1\">\r\n\t\t\t<div><\/div>\r\n\t\t<\/div>\r\n\t<\/div>\r\n\t\t<div class=\"w-grid-json hidden\" onclick='return {&quot;action&quot;:&quot;us_ajax_grid&quot;,&quot;infinite_scroll&quot;:0,&quot;max_num_pages&quot;:0,&quot;pagination&quot;:&quot;none&quot;,&quot;template_vars&quot;:{&quot;columns&quot;:&quot;1&quot;,&quot;exclude_items&quot;:&quot;none&quot;,&quot;img_size&quot;:&quot;default&quot;,&quot;ignore_items_size&quot;:0,&quot;items_layout&quot;:&quot;389&quot;,&quot;items_offset&quot;:&quot;1&quot;,&quot;load_animation&quot;:&quot;none&quot;,&quot;overriding_link&quot;:&quot;%7B%22url%22%3A%22%22%7D&quot;,&quot;post_id&quot;:0,&quot;query_args&quot;:{&quot;post_type&quot;:[&quot;program&quot;],&quot;tax_query&quot;:[{&quot;taxonomy&quot;:&quot;program-gun&quot;,&quot;field&quot;:&quot;slug&quot;,&quot;terms&quot;:[&quot;3-gun&quot;]},{&quot;taxonomy&quot;:&quot;program-yil&quot;,&quot;field&quot;:&quot;slug&quot;,&quot;terms&quot;:[&quot;yil-2023&quot;]}],&quot;post_status&quot;:[&quot;publish&quot;,&quot;acf-disabled&quot;],&quot;posts_per_page&quot;:999},&quot;orderby_query_args&quot;:{&quot;orderby&quot;:&quot;custom_field&quot;,&quot;meta_key&quot;:&quot;baslangic_tarihi&quot;,&quot;order&quot;:&quot;ASC&quot;},&quot;type&quot;:&quot;grid&quot;,&quot;us_grid_post_type&quot;:&quot;program&quot;,&quot;us_grid_ajax_index&quot;:3,&quot;us_grid_filter_query_string&quot;:null,&quot;us_grid_index&quot;:3,&quot;page_args&quot;:[],&quot;lang&quot;:&quot;en&quot;}}'><\/div>\r\n\t<\/div><div class=\"w-grid-none type_message\">No results found.<\/div><\/div><\/div><\/div><div class=\"w-tabs-section\" id=\"4gun\"><button class=\"w-tabs-section-header\" aria-controls=\"content-4gun\" aria-expanded=\"false\"><div class=\"w-tabs-section-title\">4. G\u00fcn<\/div><div class=\"w-tabs-section-control\"><\/div><\/button><div  class=\"w-tabs-section-content\" id=\"content-4gun\"><div class=\"w-tabs-section-content-h i-cf\"><div class=\"w-grid us_grid type_grid layout_389 program-item no_results cols_1 preload_style_spinner\" id=\"us_grid_4\" style=\"--columns:1;--gap:1.5rem;\" data-filterable=\"true\"><div class=\"w-grid-list\"><\/div>\t<div class=\"w-grid-preloader\">\r\n\t\t<div class=\"g-preloader type_1\">\r\n\t\t\t<div><\/div>\r\n\t\t<\/div>\r\n\t<\/div>\r\n\t\t<div class=\"w-grid-json hidden\" onclick='return {&quot;action&quot;:&quot;us_ajax_grid&quot;,&quot;infinite_scroll&quot;:0,&quot;max_num_pages&quot;:0,&quot;pagination&quot;:&quot;none&quot;,&quot;template_vars&quot;:{&quot;columns&quot;:&quot;1&quot;,&quot;exclude_items&quot;:&quot;none&quot;,&quot;img_size&quot;:&quot;default&quot;,&quot;ignore_items_size&quot;:0,&quot;items_layout&quot;:&quot;389&quot;,&quot;items_offset&quot;:&quot;1&quot;,&quot;load_animation&quot;:&quot;none&quot;,&quot;overriding_link&quot;:&quot;%7B%22url%22%3A%22%22%7D&quot;,&quot;post_id&quot;:0,&quot;query_args&quot;:{&quot;post_type&quot;:[&quot;program&quot;],&quot;tax_query&quot;:[{&quot;taxonomy&quot;:&quot;program-gun&quot;,&quot;field&quot;:&quot;slug&quot;,&quot;terms&quot;:[&quot;4-gun&quot;]},{&quot;taxonomy&quot;:&quot;program-yil&quot;,&quot;field&quot;:&quot;slug&quot;,&quot;terms&quot;:[&quot;yil-2023&quot;]}],&quot;post_status&quot;:[&quot;publish&quot;,&quot;acf-disabled&quot;],&quot;posts_per_page&quot;:999},&quot;orderby_query_args&quot;:{&quot;orderby&quot;:&quot;custom_field&quot;,&quot;meta_key&quot;:&quot;baslangic_tarihi&quot;,&quot;order&quot;:&quot;ASC&quot;},&quot;type&quot;:&quot;grid&quot;,&quot;us_grid_post_type&quot;:&quot;program&quot;,&quot;us_grid_ajax_index&quot;:4,&quot;us_grid_filter_query_string&quot;:null,&quot;us_grid_index&quot;:4,&quot;page_args&quot;:[],&quot;lang&quot;:&quot;en&quot;}}'><\/div>\r\n\t<\/div><div class=\"w-grid-none type_message\">No results found.<\/div><\/div><\/div><\/div><div class=\"w-tabs-section\" id=\"5gun\"><button class=\"w-tabs-section-header\" aria-controls=\"content-5gun\" aria-expanded=\"false\"><div class=\"w-tabs-section-title\">5. G\u00fcn<\/div><div class=\"w-tabs-section-control\"><\/div><\/button><div  class=\"w-tabs-section-content\" id=\"content-5gun\"><div class=\"w-tabs-section-content-h i-cf\"><div class=\"w-grid us_grid type_grid layout_389 program-item no_results cols_1 preload_style_spinner\" id=\"us_grid_5\" style=\"--columns:1;--gap:1.5rem;\" data-filterable=\"true\"><div class=\"w-grid-list\"><\/div>\t<div class=\"w-grid-preloader\">\r\n\t\t<div class=\"g-preloader type_1\">\r\n\t\t\t<div><\/div>\r\n\t\t<\/div>\r\n\t<\/div>\r\n\t\t<div class=\"w-grid-json hidden\" onclick='return {&quot;action&quot;:&quot;us_ajax_grid&quot;,&quot;infinite_scroll&quot;:0,&quot;max_num_pages&quot;:0,&quot;pagination&quot;:&quot;none&quot;,&quot;template_vars&quot;:{&quot;columns&quot;:&quot;1&quot;,&quot;exclude_items&quot;:&quot;none&quot;,&quot;img_size&quot;:&quot;default&quot;,&quot;ignore_items_size&quot;:0,&quot;items_layout&quot;:&quot;389&quot;,&quot;items_offset&quot;:&quot;1&quot;,&quot;load_animation&quot;:&quot;none&quot;,&quot;overriding_link&quot;:&quot;%7B%22url%22%3A%22%22%7D&quot;,&quot;post_id&quot;:0,&quot;query_args&quot;:{&quot;post_type&quot;:[&quot;program&quot;],&quot;tax_query&quot;:[{&quot;taxonomy&quot;:&quot;program-gun&quot;,&quot;field&quot;:&quot;slug&quot;,&quot;terms&quot;:[&quot;5-gun&quot;]},{&quot;taxonomy&quot;:&quot;program-yil&quot;,&quot;field&quot;:&quot;slug&quot;,&quot;terms&quot;:[&quot;yil-2023&quot;]}],&quot;post_status&quot;:[&quot;publish&quot;,&quot;acf-disabled&quot;],&quot;posts_per_page&quot;:999},&quot;orderby_query_args&quot;:{&quot;orderby&quot;:&quot;custom_field&quot;,&quot;meta_key&quot;:&quot;baslangic_tarihi&quot;,&quot;order&quot;:&quot;ASC&quot;},&quot;type&quot;:&quot;grid&quot;,&quot;us_grid_post_type&quot;:&quot;program&quot;,&quot;us_grid_ajax_index&quot;:5,&quot;us_grid_filter_query_string&quot;:null,&quot;us_grid_index&quot;:5,&quot;page_args&quot;:[],&quot;lang&quot;:&quot;en&quot;}}'><\/div>\r\n\t<\/div><div class=\"w-grid-none type_message\">No results found.<\/div><\/div><\/div><\/div><\/div><\/div><\/div><\/div><\/div><\/div><\/section>\n","protected":false},"excerpt":{"rendered":"Program1. G\u00fcn2. G\u00fcn3. G\u00fcn4. G\u00fcn5. G\u00fcn1. G\u00fcn No results found.2. G\u00fcn No results found.3. G\u00fcn No results found.4. G\u00fcn No results found.5. G\u00fcn No results found.","protected":false},"author":2,"featured_media":0,"parent":0,"menu_order":0,"comment_status":"closed","ping_status":"closed","template":"","meta":{"_acf_changed":false,"footnotes":""},"class_list":["post-3963","page","type-page","status-publish","hentry"],"acf":[],"_links":{"self":[{"href":"https:\/\/insankaynaklarizirvesi.com\/en\/wp-json\/wp\/v2\/pages\/3963","targetHints":{"allow":["GET"]}}],"collection":[{"href":"https:\/\/insankaynaklarizirvesi.com\/en\/wp-json\/wp\/v2\/pages"}],"about":[{"href":"https:\/\/insankaynaklarizirvesi.com\/en\/wp-json\/wp\/v2\/types\/page"}],"author":[{"embeddable":true,"href":"https:\/\/insankaynaklarizirvesi.com\/en\/wp-json\/wp\/v2\/users\/2"}],"replies":[{"embeddable":true,"href":"https:\/\/insankaynaklarizirvesi.com\/en\/wp-json\/wp\/v2\/comments?post=3963"}],"version-history":[{"count":1,"href":"https:\/\/insankaynaklarizirvesi.com\/en\/wp-json\/wp\/v2\/pages\/3963\/revisions"}],"predecessor-version":[{"id":3966,"href":"https:\/\/insankaynaklarizirvesi.com\/en\/wp-json\/wp\/v2\/pages\/3963\/revisions\/3966"}],"wp:attachment":[{"href":"https:\/\/insankaynaklarizirvesi.com\/en\/wp-json\/wp\/v2\/media?parent=3963"}],"curies":[{"name":"wp","href":"https:\/\/api.w.org\/{rel}","templated":true}]}}