{"id":3972,"date":"2024-05-15T08:24:34","date_gmt":"2024-05-15T08:24:34","guid":{"rendered":"https:\/\/insankaynaklarizirvesi.com\/konusmacilar-2023\/"},"modified":"2025-03-25T14:40:59","modified_gmt":"2025-03-25T14:40:59","slug":"speakers-2023","status":"publish","type":"page","link":"https:\/\/insankaynaklarizirvesi.com\/en\/speakers-2023\/","title":{"rendered":"Speakers 2023"},"content":{"rendered":"<section class=\"l-section wpb_row us_custom_f28d1e7b height_large\" id=\"speakers\"><div class=\"l-section-h i-cf\"><div class=\"g-cols vc_row via_grid cols_1 laptops-cols_inherit tablets-cols_inherit mobiles-cols_1 valign_top type_default stacking_default\"><div class=\"wpb_column vc_column_container\"><div class=\"vc_column-inner\"><div class=\"g-cols wpb_row via_grid cols_3 laptops-cols_inherit tablets-cols_inherit mobiles-cols_1 valign_middle type_default stacking_default\" style=\"--columns-gap:3rem;\"><div class=\"wpb_column vc_column_container\"><div class=\"vc_column-inner\"><\/div><\/div><div class=\"wpb_column vc_column_container\"><div class=\"vc_column-inner\"><h2 class=\"w-text us_custom_d44d8758 has_text_color\"><span class=\"w-text-h\"><span class=\"w-text-value\">Konu\u015fmac\u0131lar<\/span><\/span><\/h2><\/div><\/div><div class=\"wpb_column vc_column_container\"><div class=\"vc_column-inner\"><div class=\"w-hwrapper valign_top align_right\"><div class=\"w-dropdown source_own dropdown_height drop_to_right open_on_click\"><div class=\"w-dropdown-h\"><div class=\"w-dropdown-current\"><a class=\"w-dropdown-item\" role=\"button\" href=\"javascript:void(0)\"><i class=\"fal fa-calendar-alt\"><\/i><span class=\"w-dropdown-item-title\">Y\u0131llara G\u00f6re Konumac\u0131lar<\/span><\/a><\/div><div class=\"w-dropdown-list\"><div class=\"w-dropdown-list-h\"><a href=\"https:\/\/insankaynaklarizirvesi.com\/konusmacilar\/\" class=\"w-dropdown-item smooth-scroll\"><span class=\"w-dropdown-item-title\">2024<\/span><\/a><a href=\"https:\/\/insankaynaklarizirvesi.com\/konusmacilar-2023\/\" class=\"w-dropdown-item smooth-scroll\"><span class=\"w-dropdown-item-title\">2023<\/span><\/a><\/div><\/div><\/div><\/div><\/div><\/div><\/div><\/div><div class=\"w-separator size_small\"><\/div><div class=\"w-grid us_grid type_grid layout_2456 no_results cols_5 preload_style_spinner\" id=\"us_grid_1\" style=\"--columns:5;--gap:10px;\" data-filterable=\"true\"><style>@media (max-width:1280px){#us_grid_1{--columns:3!important}}@media (max-width:1024px){#us_grid_1{--columns:2!important}}@media (max-width:600px){#us_grid_1{--columns:1!important}}.layout_2456 .w-grid-item-h{background:var(--color-alt-content-primary);border-radius:0.5rem;box-shadow:0 0.1rem 0.2rem rgba(0,0,0,0.1),0 0.33rem 1rem rgba(0,0,0,0.1);transition-duration:0.3s}.layout_2456 .usg_vwrapper_1{opacity:0}.layout_2456 .w-grid-item-h:focus-within .usg_vwrapper_1,.layout_2456 .w-grid-item-h:hover .usg_vwrapper_1{}.layout_2456 .usg_post_image_1{border-radius:0.5rem 0.5rem 0 0!important}.layout_2456 .usg_vwrapper_1{color:var(--color-header-middle-bg)!important;border-radius:0.5rem!important;position:absolute!important;left:0!important;top:0!important;bottom:0!important;right:0!important;padding:2rem!important;background:var(--color-alt-content-primary)!important}.layout_2456 .usg_post_title_2{color:var(--color-header-middle-bg)!important;font-size:1.2rem!important}.layout_2456 .usg_post_custom_field_1{color:var(--color-header-middle-bg)!important;font-size:14px!important}.layout_2456 .usg_post_custom_field_2{color:var(--color-header-middle-bg)!important;font-size:14px!important}.layout_2456 .usg_text_1{color:#ffffff!important}.layout_2456 .usg_text_2{color:#ffffff!important}.layout_2456 .usg_text_3{margin-top:20px!important}.layout_2456 .usg_vwrapper_2{padding:20px!important}<\/style><div class=\"w-grid-list\"><\/div>\t<div class=\"w-grid-preloader\">\r\n\t\t<div class=\"g-preloader type_1\">\r\n\t\t\t<div><\/div>\r\n\t\t<\/div>\r\n\t<\/div>\r\n\t\t<div class=\"w-grid-json hidden\" onclick='return {&quot;action&quot;:&quot;us_ajax_grid&quot;,&quot;infinite_scroll&quot;:0,&quot;max_num_pages&quot;:0,&quot;pagination&quot;:&quot;none&quot;,&quot;template_vars&quot;:{&quot;columns&quot;:&quot;5&quot;,&quot;exclude_items&quot;:&quot;none&quot;,&quot;img_size&quot;:&quot;default&quot;,&quot;ignore_items_size&quot;:0,&quot;items_layout&quot;:&quot;2456&quot;,&quot;items_offset&quot;:&quot;1&quot;,&quot;load_animation&quot;:&quot;none&quot;,&quot;overriding_link&quot;:&quot;%7B%22url%22%3A%22%22%7D&quot;,&quot;post_id&quot;:2367,&quot;query_args&quot;:{&quot;post_type&quot;:[&quot;konusmaci&quot;],&quot;tax_query&quot;:[{&quot;taxonomy&quot;:&quot;konusmaci-yili&quot;,&quot;field&quot;:&quot;slug&quot;,&quot;terms&quot;:[&quot;yil-2023&quot;]}],&quot;post_status&quot;:[&quot;publish&quot;,&quot;acf-disabled&quot;],&quot;posts_per_page&quot;:&quot;300&quot;},&quot;orderby_query_args&quot;:{&quot;orderby&quot;:{&quot;title&quot;:&quot;ASC&quot;},&quot;order&quot;:&quot;ASC&quot;},&quot;type&quot;:&quot;grid&quot;,&quot;us_grid_post_type&quot;:&quot;konusmaci&quot;,&quot;us_grid_ajax_index&quot;:1,&quot;us_grid_filter_query_string&quot;:null,&quot;us_grid_index&quot;:1,&quot;page_args&quot;:[],&quot;lang&quot;:&quot;en&quot;}}'><\/div>\r\n\t<\/div><div class=\"w-grid-none type_message\">No results found.<\/div><div class=\"w-separator size_medium\"><\/div><div class=\"w-separator size_medium\"><\/div><\/div><\/div><\/div><\/div><\/section>\n\n","protected":false},"excerpt":{"rendered":"Konu\u015fmac\u0131larY\u0131llara G\u00f6re Konumac\u0131lar20242023 No results found.","protected":false},"author":2,"featured_media":0,"parent":0,"menu_order":0,"comment_status":"closed","ping_status":"closed","template":"","meta":{"_acf_changed":false,"footnotes":""},"class_list":["post-3972","page","type-page","status-publish","hentry"],"acf":[],"_links":{"self":[{"href":"https:\/\/insankaynaklarizirvesi.com\/en\/wp-json\/wp\/v2\/pages\/3972","targetHints":{"allow":["GET"]}}],"collection":[{"href":"https:\/\/insankaynaklarizirvesi.com\/en\/wp-json\/wp\/v2\/pages"}],"about":[{"href":"https:\/\/insankaynaklarizirvesi.com\/en\/wp-json\/wp\/v2\/types\/page"}],"author":[{"embeddable":true,"href":"https:\/\/insankaynaklarizirvesi.com\/en\/wp-json\/wp\/v2\/users\/2"}],"replies":[{"embeddable":true,"href":"https:\/\/insankaynaklarizirvesi.com\/en\/wp-json\/wp\/v2\/comments?post=3972"}],"version-history":[{"count":1,"href":"https:\/\/insankaynaklarizirvesi.com\/en\/wp-json\/wp\/v2\/pages\/3972\/revisions"}],"predecessor-version":[{"id":3976,"href":"https:\/\/insankaynaklarizirvesi.com\/en\/wp-json\/wp\/v2\/pages\/3972\/revisions\/3976"}],"wp:attachment":[{"href":"https:\/\/insankaynaklarizirvesi.com\/en\/wp-json\/wp\/v2\/media?parent=3972"}],"curies":[{"name":"wp","href":"https:\/\/api.w.org\/{rel}","templated":true}]}}