{"id":3975,"date":"2025-03-11T12:56:54","date_gmt":"2025-03-11T12:56:54","guid":{"rendered":"https:\/\/insankaynaklarizirvesi.com\/arama-sonuclari\/"},"modified":"2025-03-25T14:41:36","modified_gmt":"2025-03-25T14:41:36","slug":"search-results","status":"publish","type":"page","link":"https:\/\/insankaynaklarizirvesi.com\/en\/search-results\/","title":{"rendered":"Search Results"},"content":{"rendered":"<section class=\"l-section wpb_row height_large\"><div class=\"l-section-h i-cf\"><div class=\"g-cols vc_row via_grid cols_1 laptops-cols_inherit tablets-cols_inherit mobiles-cols_1 valign_top type_default stacking_default\"><div class=\"wpb_column vc_column_container\"><div class=\"vc_column-inner\"><h1 class=\"w-post-elm post_title us_custom_005ba59b has_text_color entry-title color_link_inherit\">Search Results<\/h1><div class=\"g-cols wpb_row via_grid cols_1-3 laptops-cols_inherit tablets-cols_inherit mobiles-cols_1 valign_top type_default stacking_default\" style=\"--columns-gap:3rem;\"><div class=\"wpb_column vc_column_container\"><div class=\"vc_column-inner\"><div class=\"w-search us-field-style_1 layout_simple iconpos_right\"><div class=\"w-search-form\"><form apbct-form-sign=\"native_search\" class=\"w-form-row for_text\" role=\"search\" action=\"https:\/\/insankaynaklarizirvesi.com\/en\/\" method=\"get\"><div class=\"w-form-row-field\"><input type=\"text\" name=\"s\" placeholder=\"Search\" aria-label=\"Search\" value\/><input type=\"hidden\" name=\"post_type\" value=\"post\" \/><input type=\"hidden\" name=\"lang\" value=\"en\" \/><\/div><button class=\"w-search-form-btn w-btn\" type=\"submit\" aria-label=\"Search\" style=\"--icon-size:18px;\"><i class=\"fas fa-search\"><\/i><\/button><input\n                    class=\"apbct_special_field apbct_email_id__search_form\"\n                    name=\"apbct__email_id__search_form\"\n                    aria-label=\"apbct__label_id__search_form\"\n                    type=\"text\" size=\"30\" maxlength=\"200\" autocomplete=\"off\"\n                    value=\"\"\n                \/><input\n                   id=\"apbct_submit_id__search_form\" \n                   class=\"apbct_special_field apbct__email_id__search_form\"\n                   name=\"apbct__label_id__search_form\"\n                   aria-label=\"apbct_submit_name__search_form\"\n                   type=\"submit\"\n                   size=\"30\"\n                   maxlength=\"200\"\n                   value=\"64398\"\n               \/><\/form><\/div><\/div><div class=\"w-separator size_small\"><\/div><div class=\"w-grid us_term_list type_grid layout_blog_1 cols_1 preload_style_spinner\" id=\"us_grid_lc7c\" style=\"--columns:1;--gap:10px;\"><style>.layout_blog_1 .w-grid-item-h{}.layout_blog_1 .usg_post_image_1{margin-bottom:0.5rem!important}.layout_blog_1 .usg_post_title_1{font-size:1rem!important}<\/style><div class=\"w-grid-list\">\t<div class=\"w-grid-item type_term term-64 term-egitim ratio_1x1\">\r\n\t\t<div class=\"w-grid-item-h\">\r\n\t\t\t\t\t\t<h2 class=\"w-post-elm post_title usg_post_title_1 entry-title color_link_inherit\"><a href=\"https:\/\/insankaynaklarizirvesi.com\/en\/kategori\/egitim\/\">E\u011fitim&nbsp;<b>3<\/b><\/a><\/h2>\t\t<\/div>\r\n\t\t\t<\/div>\r\n\t<div class=\"w-grid-item type_term term-65 term-sponsor-icerigi ratio_1x1\">\r\n\t\t<div class=\"w-grid-item-h\">\r\n\t\t\t\t\t\t<h2 class=\"w-post-elm post_title usg_post_title_1 entry-title color_link_inherit\"><a href=\"https:\/\/insankaynaklarizirvesi.com\/en\/kategori\/sponsor-icerigi\/\">\u0130\u015f Orta\u011f\u0131 \u0130\u00e7eri\u011fi&nbsp;<b>5<\/b><\/a><\/h2>\t\t<\/div>\r\n\t\t\t<\/div>\r\n\t<div class=\"w-grid-item type_term term-67 term-surdurulebilirlik ratio_1x1\">\r\n\t\t<div class=\"w-grid-item-h\">\r\n\t\t\t\t\t\t<h2 class=\"w-post-elm post_title usg_post_title_1 entry-title color_link_inherit\"><a href=\"https:\/\/insankaynaklarizirvesi.com\/en\/kategori\/surdurulebilirlik\/\">S\u00fcrd\u00fcr\u00fclebilirlik&nbsp;<b>3<\/b><\/a><\/h2>\t\t<\/div>\r\n\t\t\t<\/div>\r\n\t<div class=\"w-grid-item type_term term-68 term-veri-okur-yazarligi ratio_1x1\">\r\n\t\t<div class=\"w-grid-item-h\">\r\n\t\t\t\t\t\t<h2 class=\"w-post-elm post_title usg_post_title_1 entry-title color_link_inherit\"><a href=\"https:\/\/insankaynaklarizirvesi.com\/en\/kategori\/veri-okur-yazarligi\/\">Veri Okur Yazarl\u0131\u011f\u0131&nbsp;<b>1<\/b><\/a><\/h2>\t\t<\/div>\r\n\t\t\t<\/div>\r\n\t<div class=\"w-grid-item type_term term-69 term-yapay-zeka ratio_1x1\">\r\n\t\t<div class=\"w-grid-item-h\">\r\n\t\t\t\t\t\t<h2 class=\"w-post-elm post_title usg_post_title_1 entry-title color_link_inherit\"><a href=\"https:\/\/insankaynaklarizirvesi.com\/en\/kategori\/yapay-zeka\/\">Yapay Zeka&nbsp;<b>2<\/b><\/a><\/h2>\t\t<\/div>\r\n\t\t\t<\/div>\r\n\t<div class=\"w-grid-item type_term term-66 term-yetenek ratio_1x1\">\r\n\t\t<div class=\"w-grid-item-h\">\r\n\t\t\t\t\t\t<h2 class=\"w-post-elm post_title usg_post_title_1 entry-title color_link_inherit\"><a href=\"https:\/\/insankaynaklarizirvesi.com\/en\/kategori\/yetenek\/\">Yetenek&nbsp;<b>2<\/b><\/a><\/h2>\t\t<\/div>\r\n\t\t\t<\/div>\r\n<\/div><\/div><\/div><\/div><div class=\"wpb_column vc_column_container\"><div class=\"vc_column-inner\"><\/div><\/div><\/div><\/div><\/div><div class=\"wpb_column vc_column_container\"><div class=\"vc_column-inner\"><\/div><\/div><\/div><\/div><\/section>\n","protected":false},"excerpt":{"rendered":"Search Results E\u011fitim&nbsp;3 \u0130\u015f Orta\u011f\u0131 \u0130\u00e7eri\u011fi&nbsp;5 S\u00fcrd\u00fcr\u00fclebilirlik&nbsp;3 Veri Okur Yazarl\u0131\u011f\u0131&nbsp;1 Yapay Zeka&nbsp;2 Yetenek&nbsp;2","protected":false},"author":2,"featured_media":0,"parent":0,"menu_order":0,"comment_status":"closed","ping_status":"closed","template":"","meta":{"_acf_changed":false,"footnotes":""},"class_list":["post-3975","page","type-page","status-publish","hentry"],"acf":[],"_links":{"self":[{"href":"https:\/\/insankaynaklarizirvesi.com\/en\/wp-json\/wp\/v2\/pages\/3975","targetHints":{"allow":["GET"]}}],"collection":[{"href":"https:\/\/insankaynaklarizirvesi.com\/en\/wp-json\/wp\/v2\/pages"}],"about":[{"href":"https:\/\/insankaynaklarizirvesi.com\/en\/wp-json\/wp\/v2\/types\/page"}],"author":[{"embeddable":true,"href":"https:\/\/insankaynaklarizirvesi.com\/en\/wp-json\/wp\/v2\/users\/2"}],"replies":[{"embeddable":true,"href":"https:\/\/insankaynaklarizirvesi.com\/en\/wp-json\/wp\/v2\/comments?post=3975"}],"version-history":[{"count":1,"href":"https:\/\/insankaynaklarizirvesi.com\/en\/wp-json\/wp\/v2\/pages\/3975\/revisions"}],"predecessor-version":[{"id":3977,"href":"https:\/\/insankaynaklarizirvesi.com\/en\/wp-json\/wp\/v2\/pages\/3975\/revisions\/3977"}],"wp:attachment":[{"href":"https:\/\/insankaynaklarizirvesi.com\/en\/wp-json\/wp\/v2\/media?parent=3975"}],"curies":[{"name":"wp","href":"https:\/\/api.w.org\/{rel}","templated":true}]}}